{"id":11,"date":"2021-12-15T08:31:39","date_gmt":"2021-12-15T07:31:39","guid":{"rendered":"http:\/\/s890643968.online.de\/?page_id=11"},"modified":"2025-07-27T20:58:04","modified_gmt":"2025-07-27T18:58:04","slug":"precios","status":"publish","type":"page","link":"https:\/\/the-heidelberg.de\/es\/precios\/","title":{"rendered":"Precios"},"content":{"rendered":"\t\t<div data-elementor-type=\"wp-page\" data-elementor-id=\"11\" class=\"elementor elementor-11\" data-elementor-settings=\"[]\">\n\t\t\t\t\t\t\t<div class=\"elementor-section-wrap\">\n\t\t\t\t\t\t\t<section class=\"elementor-section elementor-top-section elementor-element elementor-element-3d5dd89 elementor-section-full_width elementor-section-height-default elementor-section-height-default\" data-id=\"3d5dd89\" data-element_type=\"section\">\n\t\t\t\t\t\t<div class=\"elementor-container elementor-column-gap-no\">\n\t\t\t\t\t<div class=\"elementor-column elementor-col-100 elementor-top-column elementor-element elementor-element-5684a6bb\" data-id=\"5684a6bb\" data-element_type=\"column\">\n\t\t\t<div class=\"elementor-widget-wrap elementor-element-populated\">\n\t\t\t\t\t\t\t\t<div class=\"elementor-element elementor-element-1d513251 elementor-widget elementor-widget-Kd_Header\" data-id=\"1d513251\" data-element_type=\"widget\" data-widget_type=\"Kd_Header.default\">\n\t\t\t\t<div class=\"elementor-widget-container\">\n\t\t\t\t\t\t<div class=\"headerpic\">\n\t\t\t\t<div class=\"headerpic-image\" style=\"background-image:url(https:\/\/the-heidelberg.de\/es\/wp-content\/uploads\/2021\/12\/Preise.jpg)\">\n\t\t\t\t<\/div>\n\t\t\t\t<div class=\"headerpic-bar\">\n\t\t\t\t\t\t\t\t\t\t<a class=\"headerpic-bar-rating\" href=\"https:\/\/www.google.com\/travel\/hotels\/the%20heidelberg%20exzellenz%20hotel\/entity\/CgoIqcbRwdiJ46saEAE\/reviews?g2lb=4306835%2C4649665%2C4640247%2C4686528%2C4685401%2C4270442%2C4317915%2C4597339%2C4419364%2C4308226%2C4667459%2C4371334%2C4258168%2C4596364%2C4641139%2C4605861%2C2503781%2C2502548%2C2503771%2C4401769%2C4624411%2C4684914%2C4291517%2C4270859%2C4284970&hl=de-DE&gl=de&cs=1&ssta=1&q=the%20heidelberg%20exzellenz%20hotel&rp=EKnG0cHYieOrGjgCQABIAcABAg&ictx=1&sa=X&ved=0CAAQ5JsGahcKEwi4_uvTl5j1AhUAAAAAHQAAAAAQAg&utm_campaign=sharing&utm_medium=link&utm_source=htls&ts=CAESABpJCisSJzIlMHg0Nzk3YzBlMjA4Y2IzMDAxOjB4MWE1NzhjNGQ4ODM0NjMyORoAEhoSFAoHCOYPEAEYBxIHCOYPEAEYCBgBMgIQACoJCgU6A0VVUhoA\"   target=\"_blank\" >\n\t\t\t\t\t\t<div class=\"headerpic-bar-rating-icons\">\n\t\t\t\t\t\t\t<i class=\"fas fa-star\"><\/i>\n\t\t\t\t\t\t\t<i class=\"fas fa-star\"><\/i>\n\t\t\t\t\t\t\t<i class=\"fas fa-star\"><\/i>\n\t\t\t\t\t\t\t<i class=\"fas fa-star\"><\/i>\n\t\t\t\t\t\t\t<i class=\"fas fa-star\"><\/i>\n\t\t\t\t\t\t<\/div>\n\t\t\t\t\t\t4,4 Muy bueno - 350 recomendaciones en Google\t\t\t\t\t<\/a>\n\t\t\t\t\t\t\t\t\t\t<div class=\"headerpic-bar-mail\">\n\t\t\t\t\t\t<a href=\"mailto:info@the-heidelberg.de\"><i class=\"fal fa-envelope\"><\/i>Enviar Correo<\/a>\n\t\t\t\t\t<\/div>\n\t\t\t\t\t<div class=\"headerpic-bar-phone\">\n\t\t\t\t\t\t<a href=\"tel:06221 9150\"><i class=\"fal fa-phone-alt\"><\/i>06221 9150<\/a>\t\t\t\t\t\n\t\t\t\t\t<\/div>\n\t\t\t\t\t<div class=\"headerpic-bar-book\">\n\t\t\t\t\t\t<a href=\"#\" class=\"d21-trigger-ibe\"><i class=\"fal fa-book d21-trigger-ibet\"><\/i>Jetzt buchen<\/a>\t\t\t\t\t\n\t\t\t\t\t<\/div>\n\t\t\t\t<\/div>\n\t\t\t<\/div>\n        \t\t<\/div>\n\t\t\t\t<\/div>\n\t\t\t\t\t<\/div>\n\t\t<\/div>\n\t\t\t\t\t\t\t<\/div>\n\t\t<\/section>\n\t\t\t\t<section class=\"elementor-section elementor-top-section elementor-element elementor-element-74e16e46 elementor-section-boxed elementor-section-height-default elementor-section-height-default\" data-id=\"74e16e46\" data-element_type=\"section\">\n\t\t\t\t\t\t<div class=\"elementor-container elementor-column-gap-default\">\n\t\t\t\t\t<div class=\"elementor-column elementor-col-100 elementor-top-column elementor-element elementor-element-73b575ee\" data-id=\"73b575ee\" data-element_type=\"column\">\n\t\t\t<div class=\"elementor-widget-wrap elementor-element-populated\">\n\t\t\t\t\t\t\t\t<div class=\"elementor-element elementor-element-d4fc0cc elementor-widget elementor-widget-heading\" data-id=\"d4fc0cc\" data-element_type=\"widget\" data-widget_type=\"heading.default\">\n\t\t\t\t<div class=\"elementor-widget-container\">\n\t\t\t<h1 class=\"elementor-heading-title elementor-size-default\"><b>Los precios <\/b> por<br>\ncategor\u00edas<\/h1>\t\t<\/div>\n\t\t\t\t<\/div>\n\t\t\t\t<div class=\"elementor-element elementor-element-1b746e5 elementor-widget elementor-widget-spacer\" data-id=\"1b746e5\" data-element_type=\"widget\" data-widget_type=\"spacer.default\">\n\t\t\t\t<div class=\"elementor-widget-container\">\n\t\t\t\t\t<div class=\"elementor-spacer\">\n\t\t\t<div class=\"elementor-spacer-inner\"><\/div>\n\t\t<\/div>\n\t\t\t\t<\/div>\n\t\t\t\t<\/div>\n\t\t\t\t<section class=\"elementor-section elementor-inner-section elementor-element elementor-element-6cc211d elementor-hidden-tablet elementor-hidden-mobile elementor-section-boxed elementor-section-height-default elementor-section-height-default\" data-id=\"6cc211d\" data-element_type=\"section\">\n\t\t\t\t\t\t<div class=\"elementor-container elementor-column-gap-default\">\n\t\t\t\t\t<div class=\"elementor-column elementor-col-25 elementor-inner-column elementor-element elementor-element-cba30be\" data-id=\"cba30be\" data-element_type=\"column\">\n\t\t\t<div class=\"elementor-widget-wrap elementor-element-populated\">\n\t\t\t\t\t\t\t\t<div class=\"elementor-element elementor-element-6f0a9b5 elementor-widget elementor-widget-text-editor\" data-id=\"6f0a9b5\" data-element_type=\"widget\" data-widget_type=\"text-editor.default\">\n\t\t\t\t<div class=\"elementor-widget-container\">\n\t\t\t\t\t\t\t<p><span class=\"NormalTextRun SCXW32579779 BCX0\" data-ccp-parastyle=\"Normal (Web)\">h<\/span><span class=\"NormalTextRun SCXW32579779 BCX0\" data-ccp-parastyle=\"Normal (Web)\">abitaciones est\u00e1ndar:<\/span><\/p>\t\t\t\t\t\t<\/div>\n\t\t\t\t<\/div>\n\t\t\t\t\t<\/div>\n\t\t<\/div>\n\t\t\t\t<div class=\"elementor-column elementor-col-25 elementor-inner-column elementor-element elementor-element-970b086\" data-id=\"970b086\" data-element_type=\"column\">\n\t\t\t<div class=\"elementor-widget-wrap elementor-element-populated\">\n\t\t\t\t\t\t\t\t<div class=\"elementor-element elementor-element-caa55c6 elementor-widget elementor-widget-text-editor\" data-id=\"caa55c6\" data-element_type=\"widget\" data-widget_type=\"text-editor.default\">\n\t\t\t\t<div class=\"elementor-widget-container\">\n\t\t\t\t\t\t\t<p><span class=\"TextRun SCXW79576378 BCX0\" lang=\"ES-ES\" xml:lang=\"ES-ES\" data-contrast=\"auto\"><span class=\"NormalTextRun SCXW79576378 BCX0\" data-ccp-parastyle=\"Normal (Web)\">habitaciones individuales<\/span><\/span><br \/>desde \u20ac 79,00<br \/><span class=\"TextRun SCXW79576378 BCX0\" lang=\"ES-ES\" xml:lang=\"ES-ES\" data-contrast=\"auto\"><span class=\"NormalTextRun SCXW79576378 BCX0\" data-ccp-parastyle=\"Normal (Web)\">habitaciones dobles<\/span><\/span><br \/>desde \u20ac 89,00<\/p>\t\t\t\t\t\t<\/div>\n\t\t\t\t<\/div>\n\t\t\t\t\t<\/div>\n\t\t<\/div>\n\t\t\t\t<div class=\"elementor-column elementor-col-25 elementor-inner-column elementor-element elementor-element-6057b71\" data-id=\"6057b71\" data-element_type=\"column\">\n\t\t\t<div class=\"elementor-widget-wrap elementor-element-populated\">\n\t\t\t\t\t\t\t\t<div class=\"elementor-element elementor-element-9ee14e2 elementor-widget elementor-widget-text-editor\" data-id=\"9ee14e2\" data-element_type=\"widget\" data-widget_type=\"text-editor.default\">\n\t\t\t\t<div class=\"elementor-widget-container\">\n\t\t\t\t\t\t\t<p><span class=\"NormalTextRun SCXW54532760 BCX0\" data-ccp-parastyle=\"Normal (Web)\">e<\/span><span class=\"NormalTextRun SCXW54532760 BCX0\" data-ccp-parastyle=\"Normal (Web)\">studios:<\/span><\/p>\t\t\t\t\t\t<\/div>\n\t\t\t\t<\/div>\n\t\t\t\t\t<\/div>\n\t\t<\/div>\n\t\t\t\t<div class=\"elementor-column elementor-col-25 elementor-inner-column elementor-element elementor-element-f1f36ee\" data-id=\"f1f36ee\" data-element_type=\"column\">\n\t\t\t<div class=\"elementor-widget-wrap elementor-element-populated\">\n\t\t\t\t\t\t\t\t<div class=\"elementor-element elementor-element-5e01f75 elementor-widget elementor-widget-text-editor\" data-id=\"5e01f75\" data-element_type=\"widget\" data-widget_type=\"text-editor.default\">\n\t\t\t\t<div class=\"elementor-widget-container\">\n\t\t\t\t\t\t\t<p><span class=\"TextRun SCXW11483622 BCX0\" lang=\"ES-ES\" xml:lang=\"ES-ES\" data-contrast=\"auto\"><span class=\"NormalTextRun SCXW11483622 BCX0\" data-ccp-parastyle=\"Normal (Web)\">habitaciones individuales<\/span><\/span><br \/>desde \u20ac 99,00<br \/><span class=\"TextRun SCXW11483622 BCX0\" lang=\"ES-ES\" xml:lang=\"ES-ES\" data-contrast=\"auto\"><span class=\"NormalTextRun SCXW11483622 BCX0\" data-ccp-parastyle=\"Normal (Web)\">habitaciones dobles<\/span><\/span><br \/>desde \u20ac 109,00<\/p>\t\t\t\t\t\t<\/div>\n\t\t\t\t<\/div>\n\t\t\t\t\t<\/div>\n\t\t<\/div>\n\t\t\t\t\t\t\t<\/div>\n\t\t<\/section>\n\t\t\t\t<section class=\"elementor-section elementor-inner-section elementor-element elementor-element-45d3a7e7 elementor-hidden-tablet elementor-hidden-mobile elementor-section-boxed elementor-section-height-default elementor-section-height-default\" data-id=\"45d3a7e7\" data-element_type=\"section\">\n\t\t\t\t\t\t<div class=\"elementor-container elementor-column-gap-default\">\n\t\t\t\t\t<div class=\"elementor-column elementor-col-100 elementor-inner-column elementor-element elementor-element-3b3b95ce\" data-id=\"3b3b95ce\" data-element_type=\"column\">\n\t\t\t<div class=\"elementor-widget-wrap elementor-element-populated\">\n\t\t\t\t\t\t\t\t<div class=\"elementor-element elementor-element-a1b8f9d elementor-widget elementor-widget-text-editor\" data-id=\"a1b8f9d\" data-element_type=\"widget\" data-widget_type=\"text-editor.default\">\n\t\t\t\t<div class=\"elementor-widget-container\">\n\t\t\t\t\t\t\t<p>Informaci\u00f3n importante sobre las reservas:\u00a0<\/p><ul><li>Solicite su fecha deseada directamente a nosotros.<\/li><li>Una cama extra o una ocupaci\u00f3n con 3 personas en ambas categor\u00edas est\u00e1 disponible con un cargo adicional de 15,00 euros por noche.<\/li><li>Nuestros precios son por habitaci\u00f3n y noche, incluyendo el IVA.<\/li><li>Se cobrar\u00e1n 17,00 euros (por persona y d\u00eda) por el desayuno.<\/li><li>A partir del 1 de octubre de 2025, en el precio de la habitaci\u00f3n se incluye una tasa tur\u00edstica de 3,50 \u20ac por persona y noche.<\/li><\/ul>\t\t\t\t\t\t<\/div>\n\t\t\t\t<\/div>\n\t\t\t\t\t<\/div>\n\t\t<\/div>\n\t\t\t\t\t\t\t<\/div>\n\t\t<\/section>\n\t\t\t\t\t<\/div>\n\t\t<\/div>\n\t\t\t\t\t\t\t<\/div>\n\t\t<\/section>\n\t\t\t\t\t\t<\/div>\n\t\t\t\t\t<\/div>\n\t\t","protected":false},"excerpt":{"rendered":"<p>4,4 Muy bueno &#8211; 350 recomendaciones en Google Enviar Correo 06221 9150 Jetzt buchen Los precios por categor\u00edas habitaciones est\u00e1ndar: habitaciones individualesdesde \u20ac 79,00habitaciones doblesdesde \u20ac 89,00 estudios: habitaciones individualesdesde \u20ac 99,00habitaciones doblesdesde \u20ac 109,00 Informaci\u00f3n importante sobre las reservas:\u00a0 Solicite su fecha deseada directamente a nosotros. Una cama extra o una ocupaci\u00f3n con 3 [&hellip;]<\/p>\n","protected":false},"author":1,"featured_media":0,"parent":0,"menu_order":0,"comment_status":"closed","ping_status":"closed","template":"","meta":{"footnotes":""},"class_list":["post-11","page","type-page","status-publish","hentry"],"yoast_head":"<!-- This site is optimized with the Yoast SEO plugin v18.2 - https:\/\/yoast.com\/wordpress\/plugins\/seo\/ -->\n<title>Precios - The Heidelberg Exzellenz Hotel<\/title>\n<meta name=\"robots\" content=\"index, follow, max-snippet:-1, max-image-preview:large, max-video-preview:-1\" \/>\n<link rel=\"canonical\" href=\"https:\/\/the-heidelberg.de\/es\/precios\/\" \/>\n<meta property=\"og:locale\" content=\"de_DE\" \/>\n<meta property=\"og:type\" content=\"article\" \/>\n<meta property=\"og:title\" content=\"Precios - The Heidelberg Exzellenz Hotel\" \/>\n<meta property=\"og:description\" content=\"4,4 Muy bueno &#8211; 350 recomendaciones en Google Enviar Correo 06221 9150 Jetzt buchen Los precios por categor\u00edas habitaciones est\u00e1ndar: habitaciones individualesdesde \u20ac 79,00habitaciones doblesdesde \u20ac 89,00 estudios: habitaciones individualesdesde \u20ac 99,00habitaciones doblesdesde \u20ac 109,00 Informaci\u00f3n importante sobre las reservas:\u00a0 Solicite su fecha deseada directamente a nosotros. Una cama extra o una ocupaci\u00f3n con 3 [&hellip;]\" \/>\n<meta property=\"og:url\" content=\"https:\/\/the-heidelberg.de\/es\/precios\/\" \/>\n<meta property=\"og:site_name\" content=\"The Heidelberg Exzellenz Hotel\" \/>\n<meta property=\"article:modified_time\" content=\"2025-07-27T18:58:04+00:00\" \/>\n<meta name=\"twitter:card\" content=\"summary_large_image\" \/>\n<meta name=\"twitter:label1\" content=\"Gesch\u00e4tzte Lesezeit\" \/>\n\t<meta name=\"twitter:data1\" content=\"1\u00a0Minute\" \/>\n<script type=\"application\/ld+json\" class=\"yoast-schema-graph\">{\"@context\":\"https:\/\/schema.org\",\"@graph\":[{\"@type\":\"WebSite\",\"@id\":\"https:\/\/the-heidelberg.de\/es\/#website\",\"url\":\"https:\/\/the-heidelberg.de\/es\/\",\"name\":\"The Heidelberg Exzellenz Hotel\",\"description\":\"\",\"potentialAction\":[{\"@type\":\"SearchAction\",\"target\":{\"@type\":\"EntryPoint\",\"urlTemplate\":\"https:\/\/the-heidelberg.de\/es\/?s={search_term_string}\"},\"query-input\":\"required name=search_term_string\"}],\"inLanguage\":\"de\"},{\"@type\":\"WebPage\",\"@id\":\"https:\/\/the-heidelberg.de\/es\/precios\/#webpage\",\"url\":\"https:\/\/the-heidelberg.de\/es\/precios\/\",\"name\":\"Precios - The Heidelberg Exzellenz Hotel\",\"isPartOf\":{\"@id\":\"https:\/\/the-heidelberg.de\/es\/#website\"},\"datePublished\":\"2021-12-15T07:31:39+00:00\",\"dateModified\":\"2025-07-27T18:58:04+00:00\",\"breadcrumb\":{\"@id\":\"https:\/\/the-heidelberg.de\/es\/precios\/#breadcrumb\"},\"inLanguage\":\"de\",\"potentialAction\":[{\"@type\":\"ReadAction\",\"target\":[\"https:\/\/the-heidelberg.de\/es\/precios\/\"]}]},{\"@type\":\"BreadcrumbList\",\"@id\":\"https:\/\/the-heidelberg.de\/es\/precios\/#breadcrumb\",\"itemListElement\":[{\"@type\":\"ListItem\",\"position\":1,\"name\":\"Startseite\",\"item\":\"https:\/\/the-heidelberg.de\/es\/\"},{\"@type\":\"ListItem\",\"position\":2,\"name\":\"Precios\"}]}]}<\/script>\n<!-- \/ Yoast SEO plugin. -->","yoast_head_json":{"title":"Precios - The Heidelberg Exzellenz Hotel","robots":{"index":"index","follow":"follow","max-snippet":"max-snippet:-1","max-image-preview":"max-image-preview:large","max-video-preview":"max-video-preview:-1"},"canonical":"https:\/\/the-heidelberg.de\/es\/precios\/","og_locale":"de_DE","og_type":"article","og_title":"Precios - The Heidelberg Exzellenz Hotel","og_description":"4,4 Muy bueno &#8211; 350 recomendaciones en Google Enviar Correo 06221 9150 Jetzt buchen Los precios por categor\u00edas habitaciones est\u00e1ndar: habitaciones individualesdesde \u20ac 79,00habitaciones doblesdesde \u20ac 89,00 estudios: habitaciones individualesdesde \u20ac 99,00habitaciones doblesdesde \u20ac 109,00 Informaci\u00f3n importante sobre las reservas:\u00a0 Solicite su fecha deseada directamente a nosotros. Una cama extra o una ocupaci\u00f3n con 3 [&hellip;]","og_url":"https:\/\/the-heidelberg.de\/es\/precios\/","og_site_name":"The Heidelberg Exzellenz Hotel","article_modified_time":"2025-07-27T18:58:04+00:00","twitter_card":"summary_large_image","twitter_misc":{"Gesch\u00e4tzte Lesezeit":"1\u00a0Minute"},"schema":{"@context":"https:\/\/schema.org","@graph":[{"@type":"WebSite","@id":"https:\/\/the-heidelberg.de\/es\/#website","url":"https:\/\/the-heidelberg.de\/es\/","name":"The Heidelberg Exzellenz Hotel","description":"","potentialAction":[{"@type":"SearchAction","target":{"@type":"EntryPoint","urlTemplate":"https:\/\/the-heidelberg.de\/es\/?s={search_term_string}"},"query-input":"required name=search_term_string"}],"inLanguage":"de"},{"@type":"WebPage","@id":"https:\/\/the-heidelberg.de\/es\/precios\/#webpage","url":"https:\/\/the-heidelberg.de\/es\/precios\/","name":"Precios - The Heidelberg Exzellenz Hotel","isPartOf":{"@id":"https:\/\/the-heidelberg.de\/es\/#website"},"datePublished":"2021-12-15T07:31:39+00:00","dateModified":"2025-07-27T18:58:04+00:00","breadcrumb":{"@id":"https:\/\/the-heidelberg.de\/es\/precios\/#breadcrumb"},"inLanguage":"de","potentialAction":[{"@type":"ReadAction","target":["https:\/\/the-heidelberg.de\/es\/precios\/"]}]},{"@type":"BreadcrumbList","@id":"https:\/\/the-heidelberg.de\/es\/precios\/#breadcrumb","itemListElement":[{"@type":"ListItem","position":1,"name":"Startseite","item":"https:\/\/the-heidelberg.de\/es\/"},{"@type":"ListItem","position":2,"name":"Precios"}]}]}},"_links":{"self":[{"href":"https:\/\/the-heidelberg.de\/es\/wp-json\/wp\/v2\/pages\/11","targetHints":{"allow":["GET"]}}],"collection":[{"href":"https:\/\/the-heidelberg.de\/es\/wp-json\/wp\/v2\/pages"}],"about":[{"href":"https:\/\/the-heidelberg.de\/es\/wp-json\/wp\/v2\/types\/page"}],"author":[{"embeddable":true,"href":"https:\/\/the-heidelberg.de\/es\/wp-json\/wp\/v2\/users\/1"}],"replies":[{"embeddable":true,"href":"https:\/\/the-heidelberg.de\/es\/wp-json\/wp\/v2\/comments?post=11"}],"version-history":[{"count":101,"href":"https:\/\/the-heidelberg.de\/es\/wp-json\/wp\/v2\/pages\/11\/revisions"}],"predecessor-version":[{"id":840,"href":"https:\/\/the-heidelberg.de\/es\/wp-json\/wp\/v2\/pages\/11\/revisions\/840"}],"wp:attachment":[{"href":"https:\/\/the-heidelberg.de\/es\/wp-json\/wp\/v2\/media?parent=11"}],"curies":[{"name":"wp","href":"https:\/\/api.w.org\/{rel}","templated":true}]}}