{"id":124,"date":"2021-12-15T10:47:02","date_gmt":"2021-12-15T09:47:02","guid":{"rendered":"http:\/\/s890643968.online.de\/?page_id=124"},"modified":"2025-05-29T17:19:29","modified_gmt":"2025-05-29T15:19:29","slug":"aviso-legal","status":"publish","type":"page","link":"https:\/\/the-heidelberg.de\/es\/aviso-legal\/","title":{"rendered":"Aviso legal"},"content":{"rendered":"\t\t<div data-elementor-type=\"wp-page\" data-elementor-id=\"124\" class=\"elementor elementor-124\" data-elementor-settings=\"[]\">\n\t\t\t\t\t\t\t<div class=\"elementor-section-wrap\">\n\t\t\t\t\t\t\t<section class=\"elementor-section elementor-top-section elementor-element elementor-element-4ad1dee4 elementor-section-full_width elementor-section-height-default elementor-section-height-default\" data-id=\"4ad1dee4\" data-element_type=\"section\">\n\t\t\t\t\t\t<div class=\"elementor-container elementor-column-gap-no\">\n\t\t\t\t\t<div class=\"elementor-column elementor-col-100 elementor-top-column elementor-element elementor-element-4216e11b\" data-id=\"4216e11b\" data-element_type=\"column\">\n\t\t\t<div class=\"elementor-widget-wrap elementor-element-populated\">\n\t\t\t\t\t\t\t\t<div class=\"elementor-element elementor-element-538bc308 elementor-widget elementor-widget-Kd_Header\" data-id=\"538bc308\" data-element_type=\"widget\" data-widget_type=\"Kd_Header.default\">\n\t\t\t\t<div class=\"elementor-widget-container\">\n\t\t\t\t\t\t<div class=\"headerpic\">\n\t\t\t\t<div class=\"headerpic-image\" style=\"background-image:url(https:\/\/the-heidelberg.de\/es\/wp-content\/uploads\/2021\/12\/2.jpeg)\">\n\t\t\t\t<\/div>\n\t\t\t\t<div class=\"headerpic-bar\">\n\t\t\t\t\t\t\t\t\t\t<a class=\"headerpic-bar-rating\" href=\"https:\/\/www.google.com\/travel\/hotels\/the%20heidelberg%20exzellenz%20hotel\/entity\/CgoIqcbRwdiJ46saEAE\/reviews?g2lb=4306835%2C4649665%2C4640247%2C4686528%2C4685401%2C4270442%2C4317915%2C4597339%2C4419364%2C4308226%2C4667459%2C4371334%2C4258168%2C4596364%2C4641139%2C4605861%2C2503781%2C2502548%2C2503771%2C4401769%2C4624411%2C4684914%2C4291517%2C4270859%2C4284970&hl=de-DE&gl=de&cs=1&ssta=1&q=the%20heidelberg%20exzellenz%20hotel&rp=EKnG0cHYieOrGjgCQABIAcABAg&ictx=1&sa=X&ved=0CAAQ5JsGahcKEwi4_uvTl5j1AhUAAAAAHQAAAAAQAg&utm_campaign=sharing&utm_medium=link&utm_source=htls&ts=CAESABpJCisSJzIlMHg0Nzk3YzBlMjA4Y2IzMDAxOjB4MWE1NzhjNGQ4ODM0NjMyORoAEhoSFAoHCOYPEAEYBxIHCOYPEAEYCBgBMgIQACoJCgU6A0VVUhoA\"   >\n\t\t\t\t\t\t<div class=\"headerpic-bar-rating-icons\">\n\t\t\t\t\t\t\t<i class=\"fas fa-star\"><\/i>\n\t\t\t\t\t\t\t<i class=\"fas fa-star\"><\/i>\n\t\t\t\t\t\t\t<i class=\"fas fa-star\"><\/i>\n\t\t\t\t\t\t\t<i class=\"fas fa-star\"><\/i>\n\t\t\t\t\t\t\t<i class=\"fas fa-star\"><\/i>\n\t\t\t\t\t\t<\/div>\n\t\t\t\t\t\t4,4 Muy bueno - 350 recomendaciones en Google \t\t\t\t\t<\/a>\n\t\t\t\t\t\t\t\t\t\t<div class=\"headerpic-bar-mail\">\n\t\t\t\t\t\t<a href=\"mailto:info@the-heidelberg.de\"><i class=\"fal fa-envelope\"><\/i>Enviar Correo<\/a>\n\t\t\t\t\t<\/div>\n\t\t\t\t\t<div class=\"headerpic-bar-phone\">\n\t\t\t\t\t\t<a href=\"tel:06221 9150\"><i class=\"fal fa-phone-alt\"><\/i>06221 9150<\/a>\t\t\t\t\t\n\t\t\t\t\t<\/div>\n\t\t\t\t\t<div class=\"headerpic-bar-book\">\n\t\t\t\t\t\t<a href=\"#\" class=\"d21-trigger-ibe\"><i class=\"fal fa-book d21-trigger-ibet\"><\/i>Jetzt buchen<\/a>\t\t\t\t\t\n\t\t\t\t\t<\/div>\n\t\t\t\t<\/div>\n\t\t\t<\/div>\n        \t\t<\/div>\n\t\t\t\t<\/div>\n\t\t\t\t\t<\/div>\n\t\t<\/div>\n\t\t\t\t\t\t\t<\/div>\n\t\t<\/section>\n\t\t\t\t<section class=\"elementor-section elementor-top-section elementor-element elementor-element-5980806b elementor-section-boxed elementor-section-height-default elementor-section-height-default\" data-id=\"5980806b\" data-element_type=\"section\">\n\t\t\t\t\t\t<div class=\"elementor-container elementor-column-gap-default\">\n\t\t\t\t\t<div class=\"elementor-column elementor-col-100 elementor-top-column elementor-element elementor-element-343003a3\" data-id=\"343003a3\" data-element_type=\"column\">\n\t\t\t<div class=\"elementor-widget-wrap elementor-element-populated\">\n\t\t\t\t\t\t\t\t<div class=\"elementor-element elementor-element-5083673f elementor-widget elementor-widget-heading\" data-id=\"5083673f\" data-element_type=\"widget\" data-widget_type=\"heading.default\">\n\t\t\t\t<div class=\"elementor-widget-container\">\n\t\t\t<h1 class=\"elementor-heading-title elementor-size-default\">Operador de p\u00e1gina en el sentido del \u00a7\u202f5 de la ley alemana relativa a medios telem\u00e1ticos (TMG) <\/h1>\t\t<\/div>\n\t\t\t\t<\/div>\n\t\t\t\t<section class=\"elementor-section elementor-inner-section elementor-element elementor-element-5ef34567 elementor-section-boxed elementor-section-height-default elementor-section-height-default\" data-id=\"5ef34567\" data-element_type=\"section\">\n\t\t\t\t\t\t<div class=\"elementor-container elementor-column-gap-default\">\n\t\t\t\t\t<div class=\"elementor-column elementor-col-100 elementor-inner-column elementor-element elementor-element-391719f9\" data-id=\"391719f9\" data-element_type=\"column\">\n\t\t\t<div class=\"elementor-widget-wrap elementor-element-populated\">\n\t\t\t\t\t\t\t\t<div class=\"elementor-element elementor-element-21ad0d9c elementor-widget elementor-widget-text-editor\" data-id=\"21ad0d9c\" data-element_type=\"widget\" data-widget_type=\"text-editor.default\">\n\t\t\t\t<div class=\"elementor-widget-container\">\n\t\t\t\t\t\t\t<h3>The Heidelberg Exzellenz Hotel<\/h3>\n<p>\n  Rohrbacher Stra\u00dfe 29<br>\n  69115 Heidelberg<br>\n<\/p>\n \n<p>\n  Representado por:<br>\n  <strong>Heidelboarding GmbH<\/strong><br>\n  Eppelheimer Stra\u00dfe 14<br>\n  D-69115 Heidelberg<br>\n<\/p>\n \n<p>\n  Tel\u00e9fono: <a href=tel:+4962219150>+49 6221 9150<\/a><br>\n  Correo electr\u00f3nico: <a href=mailto:info@the-heidelberg.de>info@the-heidelberg.de<\/a>\n<\/p>\n \n<h3>Tribunal Comercial<\/h3>\n<p>\n  Tribunal de registro: Tribunal local<br>\n  N\u00famero de registro: HRB 334185\n<\/p>\n \n<h3>Director General<\/h3>\n<p>Peter Oswald<\/p>\n \n<h3>N\u00famero de identificaci\u00f3n fiscal<\/h3>\n<p>N\u00famero de identificaci\u00f3n del IVA seg\u00fan el art\u00edculo 27a de la Ley alemana del Impuesto sobre las Ventas:<br>\n  <strong>DE143451192<\/strong>\n<\/p>\n \n<h3>Resoluci\u00f3n de litigios en l\u00ednea (ODR)<\/h3>\n<p>\n  La Comisi\u00f3n Europea ofrece una plataforma para la resoluci\u00f3n de litigios en l\u00ednea (ODR):<br>\n  <a href=http:\/\/ec.europa.eu\/consumers\/odr\/ target=\"_blank\" rel=\"noopener\">http:\/\/ec.europa.eu\/consumers\/odr\/<\/a>\n<\/p>\n \n<p>\n  Nuestra empresa no participa en los procedimientos alternativos de resoluci\u00f3n de litigios ofrecidos en esta plataforma. Por lo tanto, esta no puede ser utilizada por nuestros clientes. Heidelboarding GmbH no est\u00e1 obligado a participar en procedimientos ante una junta arbitral de consumo.\n<\/p>\n \n<h3>Aviso legal<\/h3>\n<p>\n  Heidelboarding GmbH comprueba y actualiza constantemente la informaci\u00f3n en sus sitios web. A pesar de ello, los datos pueden haber cambiado. No se asume responsabilidad por la actualidad, exactitud o integridad de la informaci\u00f3n proporcionada.\n<\/p>\n<p>\n  Lo mismo aplica para los sitios web de terceros a los que se hace referencia mediante hiperv\u00ednculos. Heidelboarding GmbH no se responsabiliza por los contenidos de dichas p\u00e1ginas. Adem\u00e1s, se reserva el derecho de modificar o complementar la informaci\u00f3n publicada.\n<\/p>\n<p>\n  El contenido y la estructura de las p\u00e1ginas web de Heidelboarding GmbH est\u00e1n protegidos por derechos de autor. La reproducci\u00f3n de informaci\u00f3n o datos \u2014especialmente el uso de textos, partes de textos o im\u00e1genes\u2014 requiere consentimiento escrito previo.\n<\/p>\n \n<h3>Concepto gr\u00e1fico y socio del proyecto<\/h3>\n<p>\n  <strong>Kermiche GmbH<\/strong><br>\n  Hans-Bunte-Stra\u00dfe 8-10<br>\n  69123 Heidelberg<br>\n  Tel\u00e9fono: <a href=tel:+4962217597110>+49 6221 7597110<\/a><br>\n  Correo electr\u00f3nico: <a href=mailto:hello@kermiche.de>hello@kermiche.de<\/a><br>\n  Web: <a href=https:\/\/www.kermiche.de target=\"_blank\" rel=\"noopener\">www.kermiche.de<\/a>\n<\/p>\t\t\t\t\t\t<\/div>\n\t\t\t\t<\/div>\n\t\t\t\t\t<\/div>\n\t\t<\/div>\n\t\t\t\t\t\t\t<\/div>\n\t\t<\/section>\n\t\t\t\t\t<\/div>\n\t\t<\/div>\n\t\t\t\t\t\t\t<\/div>\n\t\t<\/section>\n\t\t\t\t\t\t<\/div>\n\t\t\t\t\t<\/div>\n\t\t","protected":false},"excerpt":{"rendered":"<p>4,4 Muy bueno &#8211; 350 recomendaciones en Google Enviar Correo 06221 9150 Jetzt buchen Operador de p\u00e1gina en el sentido del \u00a7\u202f5 de la ley alemana relativa a medios telem\u00e1ticos (TMG) The Heidelberg Exzellenz Hotel Rohrbacher Stra\u00dfe 29 69115 Heidelberg Representado por: Heidelboarding GmbH Eppelheimer Stra\u00dfe 14 D-69115 Heidelberg Tel\u00e9fono: +49 6221 9150 Correo electr\u00f3nico: [&hellip;]<\/p>\n","protected":false},"author":1,"featured_media":0,"parent":0,"menu_order":0,"comment_status":"closed","ping_status":"closed","template":"","meta":{"footnotes":""},"class_list":["post-124","page","type-page","status-publish","hentry"],"yoast_head":"<!-- This site is optimized with the Yoast SEO plugin v18.2 - https:\/\/yoast.com\/wordpress\/plugins\/seo\/ -->\n<title>Aviso legal - The Heidelberg Exzellenz Hotel<\/title>\n<meta name=\"robots\" content=\"index, follow, max-snippet:-1, max-image-preview:large, max-video-preview:-1\" \/>\n<link rel=\"canonical\" href=\"https:\/\/the-heidelberg.de\/es\/aviso-legal\/\" \/>\n<meta property=\"og:locale\" content=\"de_DE\" \/>\n<meta property=\"og:type\" content=\"article\" \/>\n<meta property=\"og:title\" content=\"Aviso legal - The Heidelberg Exzellenz Hotel\" \/>\n<meta property=\"og:description\" content=\"4,4 Muy bueno &#8211; 350 recomendaciones en Google Enviar Correo 06221 9150 Jetzt buchen Operador de p\u00e1gina en el sentido del \u00a7\u202f5 de la ley alemana relativa a medios telem\u00e1ticos (TMG) The Heidelberg Exzellenz Hotel Rohrbacher Stra\u00dfe 29 69115 Heidelberg Representado por: Heidelboarding GmbH Eppelheimer Stra\u00dfe 14 D-69115 Heidelberg Tel\u00e9fono: +49 6221 9150 Correo electr\u00f3nico: [&hellip;]\" \/>\n<meta property=\"og:url\" content=\"https:\/\/the-heidelberg.de\/es\/aviso-legal\/\" \/>\n<meta property=\"og:site_name\" content=\"The Heidelberg Exzellenz Hotel\" \/>\n<meta property=\"article:modified_time\" content=\"2025-05-29T15:19:29+00:00\" \/>\n<meta name=\"twitter:card\" content=\"summary_large_image\" \/>\n<meta name=\"twitter:label1\" content=\"Gesch\u00e4tzte Lesezeit\" \/>\n\t<meta name=\"twitter:data1\" content=\"2\u00a0Minuten\" \/>\n<script type=\"application\/ld+json\" class=\"yoast-schema-graph\">{\"@context\":\"https:\/\/schema.org\",\"@graph\":[{\"@type\":\"WebSite\",\"@id\":\"https:\/\/the-heidelberg.de\/es\/#website\",\"url\":\"https:\/\/the-heidelberg.de\/es\/\",\"name\":\"The Heidelberg Exzellenz Hotel\",\"description\":\"\",\"potentialAction\":[{\"@type\":\"SearchAction\",\"target\":{\"@type\":\"EntryPoint\",\"urlTemplate\":\"https:\/\/the-heidelberg.de\/es\/?s={search_term_string}\"},\"query-input\":\"required name=search_term_string\"}],\"inLanguage\":\"de\"},{\"@type\":\"WebPage\",\"@id\":\"https:\/\/the-heidelberg.de\/es\/aviso-legal\/#webpage\",\"url\":\"https:\/\/the-heidelberg.de\/es\/aviso-legal\/\",\"name\":\"Aviso legal - The Heidelberg Exzellenz Hotel\",\"isPartOf\":{\"@id\":\"https:\/\/the-heidelberg.de\/es\/#website\"},\"datePublished\":\"2021-12-15T09:47:02+00:00\",\"dateModified\":\"2025-05-29T15:19:29+00:00\",\"breadcrumb\":{\"@id\":\"https:\/\/the-heidelberg.de\/es\/aviso-legal\/#breadcrumb\"},\"inLanguage\":\"de\",\"potentialAction\":[{\"@type\":\"ReadAction\",\"target\":[\"https:\/\/the-heidelberg.de\/es\/aviso-legal\/\"]}]},{\"@type\":\"BreadcrumbList\",\"@id\":\"https:\/\/the-heidelberg.de\/es\/aviso-legal\/#breadcrumb\",\"itemListElement\":[{\"@type\":\"ListItem\",\"position\":1,\"name\":\"Startseite\",\"item\":\"https:\/\/the-heidelberg.de\/es\/\"},{\"@type\":\"ListItem\",\"position\":2,\"name\":\"Aviso legal\"}]}]}<\/script>\n<!-- \/ Yoast SEO plugin. -->","yoast_head_json":{"title":"Aviso legal - The Heidelberg Exzellenz Hotel","robots":{"index":"index","follow":"follow","max-snippet":"max-snippet:-1","max-image-preview":"max-image-preview:large","max-video-preview":"max-video-preview:-1"},"canonical":"https:\/\/the-heidelberg.de\/es\/aviso-legal\/","og_locale":"de_DE","og_type":"article","og_title":"Aviso legal - The Heidelberg Exzellenz Hotel","og_description":"4,4 Muy bueno &#8211; 350 recomendaciones en Google Enviar Correo 06221 9150 Jetzt buchen Operador de p\u00e1gina en el sentido del \u00a7\u202f5 de la ley alemana relativa a medios telem\u00e1ticos (TMG) The Heidelberg Exzellenz Hotel Rohrbacher Stra\u00dfe 29 69115 Heidelberg Representado por: Heidelboarding GmbH Eppelheimer Stra\u00dfe 14 D-69115 Heidelberg Tel\u00e9fono: +49 6221 9150 Correo electr\u00f3nico: [&hellip;]","og_url":"https:\/\/the-heidelberg.de\/es\/aviso-legal\/","og_site_name":"The Heidelberg Exzellenz Hotel","article_modified_time":"2025-05-29T15:19:29+00:00","twitter_card":"summary_large_image","twitter_misc":{"Gesch\u00e4tzte Lesezeit":"2\u00a0Minuten"},"schema":{"@context":"https:\/\/schema.org","@graph":[{"@type":"WebSite","@id":"https:\/\/the-heidelberg.de\/es\/#website","url":"https:\/\/the-heidelberg.de\/es\/","name":"The Heidelberg Exzellenz Hotel","description":"","potentialAction":[{"@type":"SearchAction","target":{"@type":"EntryPoint","urlTemplate":"https:\/\/the-heidelberg.de\/es\/?s={search_term_string}"},"query-input":"required name=search_term_string"}],"inLanguage":"de"},{"@type":"WebPage","@id":"https:\/\/the-heidelberg.de\/es\/aviso-legal\/#webpage","url":"https:\/\/the-heidelberg.de\/es\/aviso-legal\/","name":"Aviso legal - The Heidelberg Exzellenz Hotel","isPartOf":{"@id":"https:\/\/the-heidelberg.de\/es\/#website"},"datePublished":"2021-12-15T09:47:02+00:00","dateModified":"2025-05-29T15:19:29+00:00","breadcrumb":{"@id":"https:\/\/the-heidelberg.de\/es\/aviso-legal\/#breadcrumb"},"inLanguage":"de","potentialAction":[{"@type":"ReadAction","target":["https:\/\/the-heidelberg.de\/es\/aviso-legal\/"]}]},{"@type":"BreadcrumbList","@id":"https:\/\/the-heidelberg.de\/es\/aviso-legal\/#breadcrumb","itemListElement":[{"@type":"ListItem","position":1,"name":"Startseite","item":"https:\/\/the-heidelberg.de\/es\/"},{"@type":"ListItem","position":2,"name":"Aviso legal"}]}]}},"_links":{"self":[{"href":"https:\/\/the-heidelberg.de\/es\/wp-json\/wp\/v2\/pages\/124","targetHints":{"allow":["GET"]}}],"collection":[{"href":"https:\/\/the-heidelberg.de\/es\/wp-json\/wp\/v2\/pages"}],"about":[{"href":"https:\/\/the-heidelberg.de\/es\/wp-json\/wp\/v2\/types\/page"}],"author":[{"embeddable":true,"href":"https:\/\/the-heidelberg.de\/es\/wp-json\/wp\/v2\/users\/1"}],"replies":[{"embeddable":true,"href":"https:\/\/the-heidelberg.de\/es\/wp-json\/wp\/v2\/comments?post=124"}],"version-history":[{"count":36,"href":"https:\/\/the-heidelberg.de\/es\/wp-json\/wp\/v2\/pages\/124\/revisions"}],"predecessor-version":[{"id":827,"href":"https:\/\/the-heidelberg.de\/es\/wp-json\/wp\/v2\/pages\/124\/revisions\/827"}],"wp:attachment":[{"href":"https:\/\/the-heidelberg.de\/es\/wp-json\/wp\/v2\/media?parent=124"}],"curies":[{"name":"wp","href":"https:\/\/api.w.org\/{rel}","templated":true}]}}