{"id":14,"date":"2021-12-15T08:31:39","date_gmt":"2021-12-15T07:31:39","guid":{"rendered":"http:\/\/s890643968.online.de\/?page_id=14"},"modified":"2025-06-02T16:11:08","modified_gmt":"2025-06-02T14:11:08","slug":"servicios","status":"publish","type":"page","link":"https:\/\/the-heidelberg.de\/es\/servicios\/","title":{"rendered":"Servicios"},"content":{"rendered":"\t\t<div data-elementor-type=\"wp-page\" data-elementor-id=\"14\" class=\"elementor elementor-14\" data-elementor-settings=\"[]\">\n\t\t\t\t\t\t\t<div class=\"elementor-section-wrap\">\n\t\t\t\t\t\t\t<section class=\"elementor-section elementor-top-section elementor-element elementor-element-395d109a elementor-section-full_width elementor-section-height-default elementor-section-height-default\" data-id=\"395d109a\" data-element_type=\"section\">\n\t\t\t\t\t\t<div class=\"elementor-container elementor-column-gap-no\">\n\t\t\t\t\t<div class=\"elementor-column elementor-col-100 elementor-top-column elementor-element elementor-element-1a3391a8\" data-id=\"1a3391a8\" data-element_type=\"column\">\n\t\t\t<div class=\"elementor-widget-wrap elementor-element-populated\">\n\t\t\t\t\t\t\t\t<div class=\"elementor-element elementor-element-104a6ecb elementor-widget elementor-widget-Kd_Header\" data-id=\"104a6ecb\" data-element_type=\"widget\" data-widget_type=\"Kd_Header.default\">\n\t\t\t\t<div class=\"elementor-widget-container\">\n\t\t\t\t\t\t<div class=\"headerpic\">\n\t\t\t\t<div class=\"headerpic-image\" style=\"background-image:url(https:\/\/the-heidelberg.de\/es\/wp-content\/uploads\/2021\/12\/Lobby.jpg)\">\n\t\t\t\t<\/div>\n\t\t\t\t<div class=\"headerpic-bar\">\n\t\t\t\t\t\t\t\t\t\t<a class=\"headerpic-bar-rating\" href=\"https:\/\/www.google.com\/travel\/hotels\/the%20heidelberg%20exzellenz%20hotel\/entity\/CgoIqcbRwdiJ46saEAE\/reviews?g2lb=4306835%2C4649665%2C4640247%2C4686528%2C4685401%2C4270442%2C4317915%2C4597339%2C4419364%2C4308226%2C4667459%2C4371334%2C4258168%2C4596364%2C4641139%2C4605861%2C2503781%2C2502548%2C2503771%2C4401769%2C4624411%2C4684914%2C4291517%2C4270859%2C4284970&hl=de-DE&gl=de&cs=1&ssta=1&q=the%20heidelberg%20exzellenz%20hotel&rp=EKnG0cHYieOrGjgCQABIAcABAg&ictx=1&sa=X&ved=0CAAQ5JsGahcKEwi4_uvTl5j1AhUAAAAAHQAAAAAQAg&utm_campaign=sharing&utm_medium=link&utm_source=htls&ts=CAESABpJCisSJzIlMHg0Nzk3YzBlMjA4Y2IzMDAxOjB4MWE1NzhjNGQ4ODM0NjMyORoAEhoSFAoHCOYPEAEYBxIHCOYPEAEYCBgBMgIQACoJCgU6A0VVUhoA\"   target=\"_blank\" >\n\t\t\t\t\t\t<div class=\"headerpic-bar-rating-icons\">\n\t\t\t\t\t\t\t<i class=\"fas fa-star\"><\/i>\n\t\t\t\t\t\t\t<i class=\"fas fa-star\"><\/i>\n\t\t\t\t\t\t\t<i class=\"fas fa-star\"><\/i>\n\t\t\t\t\t\t\t<i class=\"fas fa-star\"><\/i>\n\t\t\t\t\t\t\t<i class=\"fas fa-star\"><\/i>\n\t\t\t\t\t\t<\/div>\n\t\t\t\t\t\t4,4 Muy bueno - 350 recomendaciones en Google \t\t\t\t\t<\/a>\n\t\t\t\t\t\t\t\t\t\t<div class=\"headerpic-bar-mail\">\n\t\t\t\t\t\t<a href=\"mailto:info@the-heidelberg.de\"><i class=\"fal fa-envelope\"><\/i>Enviar Correo<\/a>\n\t\t\t\t\t<\/div>\n\t\t\t\t\t<div class=\"headerpic-bar-phone\">\n\t\t\t\t\t\t<a href=\"tel:06221 9150\"><i class=\"fal fa-phone-alt\"><\/i>06221 9150<\/a>\t\t\t\t\t\n\t\t\t\t\t<\/div>\n\t\t\t\t\t<div class=\"headerpic-bar-book\">\n\t\t\t\t\t\t<a href=\"#\" class=\"d21-trigger-ibe\"><i class=\"fal fa-book d21-trigger-ibet\"><\/i>Jetzt buchen<\/a>\t\t\t\t\t\n\t\t\t\t\t<\/div>\n\t\t\t\t<\/div>\n\t\t\t<\/div>\n        \t\t<\/div>\n\t\t\t\t<\/div>\n\t\t\t\t\t<\/div>\n\t\t<\/div>\n\t\t\t\t\t\t\t<\/div>\n\t\t<\/section>\n\t\t\t\t<section class=\"elementor-section elementor-top-section elementor-element elementor-element-2df8b00e elementor-section-boxed elementor-section-height-default elementor-section-height-default\" data-id=\"2df8b00e\" data-element_type=\"section\">\n\t\t\t\t\t\t<div class=\"elementor-container elementor-column-gap-default\">\n\t\t\t\t\t<div class=\"elementor-column elementor-col-100 elementor-top-column elementor-element elementor-element-3bf1e9c\" data-id=\"3bf1e9c\" data-element_type=\"column\">\n\t\t\t<div class=\"elementor-widget-wrap elementor-element-populated\">\n\t\t\t\t\t\t\t\t<div class=\"elementor-element elementor-element-3db67cd elementor-widget elementor-widget-heading\" data-id=\"3db67cd\" data-element_type=\"widget\" data-widget_type=\"heading.default\">\n\t\t\t\t<div class=\"elementor-widget-container\">\n\t\t\t<h1 class=\"elementor-heading-title elementor-size-default\"><b>Nuestros servicios<\/b><br>\ndisfrutar desde el primer segundo<\/h1>\t\t<\/div>\n\t\t\t\t<\/div>\n\t\t\t\t<div class=\"elementor-element elementor-element-197640a elementor-widget elementor-widget-spacer\" data-id=\"197640a\" data-element_type=\"widget\" data-widget_type=\"spacer.default\">\n\t\t\t\t<div class=\"elementor-widget-container\">\n\t\t\t\t\t<div class=\"elementor-spacer\">\n\t\t\t<div class=\"elementor-spacer-inner\"><\/div>\n\t\t<\/div>\n\t\t\t\t<\/div>\n\t\t\t\t<\/div>\n\t\t\t\t<section class=\"elementor-section elementor-inner-section elementor-element elementor-element-66988725 elementor-section-boxed elementor-section-height-default elementor-section-height-default\" data-id=\"66988725\" data-element_type=\"section\">\n\t\t\t\t\t\t<div class=\"elementor-container elementor-column-gap-default\">\n\t\t\t\t\t<div class=\"elementor-column elementor-col-50 elementor-inner-column elementor-element elementor-element-15cfe464\" data-id=\"15cfe464\" data-element_type=\"column\">\n\t\t\t<div class=\"elementor-widget-wrap elementor-element-populated\">\n\t\t\t\t\t\t\t\t<div class=\"elementor-element elementor-element-3a24b69c elementor-widget elementor-widget-heading\" data-id=\"3a24b69c\" data-element_type=\"widget\" data-widget_type=\"heading.default\">\n\t\t\t\t<div class=\"elementor-widget-container\">\n\t\t\t<h2 class=\"elementor-heading-title elementor-size-default\">Le ofrecemos: <\/h2>\t\t<\/div>\n\t\t\t\t<\/div>\n\t\t\t\t<div class=\"elementor-element elementor-element-3ac3e079 elementor-widget elementor-widget-text-editor\" data-id=\"3ac3e079\" data-element_type=\"widget\" data-widget_type=\"text-editor.default\">\n\t\t\t\t<div class=\"elementor-widget-container\">\n\t\t\t\t\t\t\t<ul><li data-leveltext=\"\uf0b7\" data-font=\"Symbol\" data-listid=\"6\" data-list-defn-props=\"{&quot;335552541&quot;:1,&quot;335559684&quot;:-2,&quot;335559685&quot;:720,&quot;335559991&quot;:360,&quot;469769226&quot;:&quot;Symbol&quot;,&quot;469769242&quot;:[8226],&quot;469777803&quot;:&quot;left&quot;,&quot;469777804&quot;:&quot;\uf0b7&quot;,&quot;469777815&quot;:&quot;multilevel&quot;}\" aria-setsize=\"-1\" data-aria-posinset=\"1\" data-aria-level=\"1\"><span data-contrast=\"auto\">Nuestros aparcamientos y plazas de garaje, as\u00ed como los permisos para aparcarse en la calle, facilitar\u00e1n su llegada y salida. Por favor, reserve con anticipaci\u00f3n.<\/span><span data-ccp-props=\"{&quot;134233117&quot;:true,&quot;134233118&quot;:true}\">\u00a0<\/span><\/li><li data-leveltext=\"\uf0b7\" data-font=\"Symbol\" data-listid=\"6\" data-list-defn-props=\"{&quot;335552541&quot;:1,&quot;335559684&quot;:-2,&quot;335559685&quot;:720,&quot;335559991&quot;:360,&quot;469769226&quot;:&quot;Symbol&quot;,&quot;469769242&quot;:[8226],&quot;469777803&quot;:&quot;left&quot;,&quot;469777804&quot;:&quot;\uf0b7&quot;,&quot;469777815&quot;:&quot;multilevel&quot;}\" aria-setsize=\"-1\" data-aria-posinset=\"2\" data-aria-level=\"1\"><span data-contrast=\"auto\">Para empezar el d\u00eda de la mejor manera posible, puede fortalecerse en nuestro rico y cuidadosamente compuesto buffet de desayuno.<\/span><span data-ccp-props=\"{&quot;134233117&quot;:true,&quot;134233118&quot;:true}\">\u00a0<\/span><\/li><li data-leveltext=\"\uf0b7\" data-font=\"Symbol\" data-listid=\"6\" data-list-defn-props=\"{&quot;335552541&quot;:1,&quot;335559684&quot;:-2,&quot;335559685&quot;:720,&quot;335559991&quot;:360,&quot;469769226&quot;:&quot;Symbol&quot;,&quot;469769242&quot;:[8226],&quot;469777803&quot;:&quot;left&quot;,&quot;469777804&quot;:&quot;\uf0b7&quot;,&quot;469777815&quot;:&quot;multilevel&quot;}\" aria-setsize=\"-1\" data-aria-posinset=\"3\" data-aria-level=\"1\"><span data-contrast=\"auto\">WLAN\/Internet gratuito en la casa y en las habitaciones<\/span><span data-ccp-props=\"{&quot;134233117&quot;:true,&quot;134233118&quot;:true}\">\u00a0<\/span><\/li><li data-leveltext=\"\uf0b7\" data-font=\"Symbol\" data-listid=\"6\" data-list-defn-props=\"{&quot;335552541&quot;:1,&quot;335559684&quot;:-2,&quot;335559685&quot;:720,&quot;335559991&quot;:360,&quot;469769226&quot;:&quot;Symbol&quot;,&quot;469769242&quot;:[8226],&quot;469777803&quot;:&quot;left&quot;,&quot;469777804&quot;:&quot;\uf0b7&quot;,&quot;469777815&quot;:&quot;multilevel&quot;}\" aria-setsize=\"-1\" data-aria-posinset=\"4\" data-aria-level=\"1\"><span data-contrast=\"auto\">servicio de lavander\u00eda<\/span><span data-ccp-props=\"{&quot;134233117&quot;:true,&quot;134233118&quot;:true}\">\u00a0<\/span><\/li><li data-leveltext=\"\uf0b7\" data-font=\"Symbol\" data-listid=\"6\" data-list-defn-props=\"{&quot;335552541&quot;:1,&quot;335559684&quot;:-2,&quot;335559685&quot;:720,&quot;335559991&quot;:360,&quot;469769226&quot;:&quot;Symbol&quot;,&quot;469769242&quot;:[8226],&quot;469777803&quot;:&quot;left&quot;,&quot;469777804&quot;:&quot;\uf0b7&quot;,&quot;469777815&quot;:&quot;multilevel&quot;}\" aria-setsize=\"-1\" data-aria-posinset=\"5\" data-aria-level=\"1\"><span data-contrast=\"auto\">servicio de fax y fotocopiadora<\/span><span data-ccp-props=\"{&quot;134233117&quot;:true,&quot;134233118&quot;:true}\">\u00a0<\/span><\/li><li data-leveltext=\"\uf0b7\" data-font=\"Symbol\" data-listid=\"6\" data-list-defn-props=\"{&quot;335552541&quot;:1,&quot;335559684&quot;:-2,&quot;335559685&quot;:720,&quot;335559991&quot;:360,&quot;469769226&quot;:&quot;Symbol&quot;,&quot;469769242&quot;:[8226],&quot;469777803&quot;:&quot;left&quot;,&quot;469777804&quot;:&quot;\uf0b7&quot;,&quot;469777815&quot;:&quot;multilevel&quot;}\" aria-setsize=\"-1\" data-aria-posinset=\"5\" data-aria-level=\"1\"><span data-contrast=\"auto\">Para sus conferencias y eventos, nuestra luminosa sala de reuniones con retroproyector, rotafolio y videoproyector ofrece espacio para 30 personas.<\/span><span data-ccp-props=\"{&quot;134233117&quot;:true,&quot;134233118&quot;:true}\">\u00a0<\/span><\/li><li data-leveltext=\"\uf0b7\" data-font=\"Symbol\" data-listid=\"6\" data-list-defn-props=\"{&quot;335552541&quot;:1,&quot;335559684&quot;:-2,&quot;335559685&quot;:720,&quot;335559991&quot;:360,&quot;469769226&quot;:&quot;Symbol&quot;,&quot;469769242&quot;:[8226],&quot;469777803&quot;:&quot;left&quot;,&quot;469777804&quot;:&quot;\uf0b7&quot;,&quot;469777815&quot;:&quot;multilevel&quot;}\" aria-setsize=\"-1\" data-aria-posinset=\"5\" data-aria-level=\"1\"><span data-contrast=\"auto\">Las mascotas son bienvenidas.<\/span><span data-ccp-props=\"{&quot;134233117&quot;:true,&quot;134233118&quot;:true}\">\u00a0<\/span><span data-contrast=\"auto\">Tambi\u00e9n hay cunas para beb\u00e9s.<\/span><span data-ccp-props=\"{&quot;134233117&quot;:true,&quot;134233118&quot;:true}\">\u00a0<\/span><\/li><li data-leveltext=\"\uf0b7\" data-font=\"Symbol\" data-listid=\"6\" data-list-defn-props=\"{&quot;335552541&quot;:1,&quot;335559684&quot;:-2,&quot;335559685&quot;:720,&quot;335559991&quot;:360,&quot;469769226&quot;:&quot;Symbol&quot;,&quot;469769242&quot;:[8226],&quot;469777803&quot;:&quot;left&quot;,&quot;469777804&quot;:&quot;\uf0b7&quot;,&quot;469777815&quot;:&quot;multilevel&quot;}\" aria-setsize=\"-1\" data-aria-posinset=\"5\" data-aria-level=\"1\"><span data-contrast=\"auto\">camas individuales (100\u00d7200 cm) y camas dobles (180\u00d7200 cm)\u00a0<\/span><span data-ccp-props=\"{&quot;134233117&quot;:true,&quot;134233118&quot;:true}\">\u00a0<\/span><\/li><li data-leveltext=\"\uf0b7\" data-font=\"Symbol\" data-listid=\"6\" data-list-defn-props=\"{&quot;335552541&quot;:1,&quot;335559684&quot;:-2,&quot;335559685&quot;:720,&quot;335559991&quot;:360,&quot;469769226&quot;:&quot;Symbol&quot;,&quot;469769242&quot;:[8226],&quot;469777803&quot;:&quot;left&quot;,&quot;469777804&quot;:&quot;\uf0b7&quot;,&quot;469777815&quot;:&quot;multilevel&quot;}\" aria-setsize=\"-1\" data-aria-posinset=\"5\" data-aria-level=\"1\"><span data-contrast=\"auto\">camas individuales de 100\u00d7200 cm y camas dobles de 180\u00d7200 cm<\/span><span data-ccp-props=\"{&quot;134233117&quot;:true,&quot;134233118&quot;:true}\">\u00a0<\/span><\/li><\/ul>\t\t\t\t\t\t<\/div>\n\t\t\t\t<\/div>\n\t\t\t\t\t<\/div>\n\t\t<\/div>\n\t\t\t\t<div class=\"elementor-column elementor-col-50 elementor-inner-column elementor-element elementor-element-21e98cd\" data-id=\"21e98cd\" data-element_type=\"column\">\n\t\t\t<div class=\"elementor-widget-wrap elementor-element-populated\">\n\t\t\t\t\t\t\t\t<div class=\"elementor-element elementor-element-8a6e145 elementor-widget elementor-widget-gallery\" data-id=\"8a6e145\" data-element_type=\"widget\" data-settings=\"{&quot;gallery_layout&quot;:&quot;masonry&quot;,&quot;columns&quot;:2,&quot;lazyload&quot;:&quot;yes&quot;,&quot;columns_tablet&quot;:2,&quot;columns_mobile&quot;:1,&quot;gap&quot;:{&quot;unit&quot;:&quot;px&quot;,&quot;size&quot;:10,&quot;sizes&quot;:[]},&quot;gap_tablet&quot;:{&quot;unit&quot;:&quot;px&quot;,&quot;size&quot;:10,&quot;sizes&quot;:[]},&quot;gap_mobile&quot;:{&quot;unit&quot;:&quot;px&quot;,&quot;size&quot;:10,&quot;sizes&quot;:[]},&quot;link_to&quot;:&quot;file&quot;,&quot;overlay_background&quot;:&quot;yes&quot;,&quot;content_hover_animation&quot;:&quot;fade-in&quot;}\" data-widget_type=\"gallery.default\">\n\t\t\t\t<div class=\"elementor-widget-container\">\n\t\t\t\t\t<div class=\"elementor-gallery__container\">\n\t\t\t\t\t\t\t<a class=\"e-gallery-item elementor-gallery-item elementor-animated-content\" href=\"https:\/\/the-heidelberg.de\/es\/wp-content\/uploads\/2021\/12\/Fru\u0308hstu\u0308cksbuffet-2.jpg\" data-elementor-open-lightbox=\"yes\" data-elementor-lightbox-slideshow=\"all-8a6e145\" data-elementor-lightbox-title=\"Fru\u0308hstu\u0308cksbuffet-2\">\n\t\t\t\t\t<div class=\"e-gallery-image elementor-gallery-item__image\" data-thumbnail=\"https:\/\/the-heidelberg.de\/es\/wp-content\/uploads\/2021\/12\/Fru\u0308hstu\u0308cksbuffet-2.jpg\" data-width=\"1400\" data-height=\"825\" alt=\"\" ><\/div>\n\t\t\t\t\t\t\t\t\t\t\t<div class=\"elementor-gallery-item__overlay\"><\/div>\n\t\t\t\t\t\t\t\t\t\t\t\t\t\t<\/a>\n\t\t\t\t\t\t\t<a class=\"e-gallery-item elementor-gallery-item elementor-animated-content\" href=\"https:\/\/the-heidelberg.de\/es\/wp-content\/uploads\/2021\/12\/Lobby-3.jpg\" data-elementor-open-lightbox=\"yes\" data-elementor-lightbox-slideshow=\"all-8a6e145\" data-elementor-lightbox-title=\"Lobby-3\">\n\t\t\t\t\t<div class=\"e-gallery-image elementor-gallery-item__image\" data-thumbnail=\"https:\/\/the-heidelberg.de\/es\/wp-content\/uploads\/2021\/12\/Lobby-3.jpg\" data-width=\"1400\" data-height=\"764\" alt=\"\" ><\/div>\n\t\t\t\t\t\t\t\t\t\t\t<div class=\"elementor-gallery-item__overlay\"><\/div>\n\t\t\t\t\t\t\t\t\t\t\t\t\t\t<\/a>\n\t\t\t\t\t\t\t<a class=\"e-gallery-item elementor-gallery-item elementor-animated-content\" href=\"https:\/\/the-heidelberg.de\/es\/wp-content\/uploads\/2021\/12\/Lobby-Teestation.jpg\" data-elementor-open-lightbox=\"yes\" data-elementor-lightbox-slideshow=\"all-8a6e145\" data-elementor-lightbox-title=\"Lobby-Teestation\">\n\t\t\t\t\t<div class=\"e-gallery-image elementor-gallery-item__image\" data-thumbnail=\"https:\/\/the-heidelberg.de\/es\/wp-content\/uploads\/2021\/12\/Lobby-Teestation.jpg\" data-width=\"1400\" data-height=\"960\" alt=\"\" ><\/div>\n\t\t\t\t\t\t\t\t\t\t\t<div class=\"elementor-gallery-item__overlay\"><\/div>\n\t\t\t\t\t\t\t\t\t\t\t\t\t\t<\/a>\n\t\t\t\t\t\t\t<a class=\"e-gallery-item elementor-gallery-item elementor-animated-content\" href=\"https:\/\/the-heidelberg.de\/es\/wp-content\/uploads\/2021\/12\/Tagung.jpg\" data-elementor-open-lightbox=\"yes\" data-elementor-lightbox-slideshow=\"all-8a6e145\" data-elementor-lightbox-title=\"Tagung\">\n\t\t\t\t\t<div class=\"e-gallery-image elementor-gallery-item__image\" data-thumbnail=\"https:\/\/the-heidelberg.de\/es\/wp-content\/uploads\/2021\/12\/Tagung.jpg\" data-width=\"1920\" data-height=\"1281\" alt=\"\" ><\/div>\n\t\t\t\t\t\t\t\t\t\t\t<div class=\"elementor-gallery-item__overlay\"><\/div>\n\t\t\t\t\t\t\t\t\t\t\t\t\t\t<\/a>\n\t\t\t\t\t<\/div>\n\t\t\t<\/div>\n\t\t\t\t<\/div>\n\t\t\t\t\t<\/div>\n\t\t<\/div>\n\t\t\t\t\t\t\t<\/div>\n\t\t<\/section>\n\t\t\t\t\t<\/div>\n\t\t<\/div>\n\t\t\t\t\t\t\t<\/div>\n\t\t<\/section>\n\t\t\t\t<section class=\"elementor-section elementor-top-section elementor-element elementor-element-1ae244f elementor-hidden-desktop elementor-hidden-tablet elementor-hidden-mobile elementor-section-boxed elementor-section-height-default elementor-section-height-default\" data-id=\"1ae244f\" data-element_type=\"section\">\n\t\t\t\t\t\t<div class=\"elementor-container elementor-column-gap-default\">\n\t\t\t\t\t<div class=\"elementor-column elementor-col-100 elementor-top-column elementor-element elementor-element-ee766f5\" data-id=\"ee766f5\" data-element_type=\"column\" data-settings=\"{&quot;background_background&quot;:&quot;classic&quot;}\">\n\t\t\t<div class=\"elementor-widget-wrap elementor-element-populated\">\n\t\t\t\t\t\t\t\t<div class=\"elementor-element elementor-element-d694a11 elementor-widget elementor-widget-heading\" data-id=\"d694a11\" data-element_type=\"widget\" data-widget_type=\"heading.default\">\n\t\t\t\t<div class=\"elementor-widget-container\">\n\t\t\t<h2 class=\"elementor-heading-title elementor-size-default\"><b>Horario de recepci\u00f3n <\/b><br>Unsere Nuestra recepci\u00f3n est\u00e1 abierta todos los d\u00edas de 06:30 a 20:30<\/h2>\t\t<\/div>\n\t\t\t\t<\/div>\n\t\t\t\t\t<\/div>\n\t\t<\/div>\n\t\t\t\t\t\t\t<\/div>\n\t\t<\/section>\n\t\t\t\t\t\t<\/div>\n\t\t\t\t\t<\/div>\n\t\t","protected":false},"excerpt":{"rendered":"<p>4,4 Muy bueno &#8211; 350 recomendaciones en Google Enviar Correo 06221 9150 Jetzt buchen Nuestros servicios disfrutar desde el primer segundo Le ofrecemos: Nuestros aparcamientos y plazas de garaje, as\u00ed como los permisos para aparcarse en la calle, facilitar\u00e1n su llegada y salida. Por favor, reserve con anticipaci\u00f3n.\u00a0 Para empezar el d\u00eda de la mejor [&hellip;]<\/p>\n","protected":false},"author":1,"featured_media":0,"parent":0,"menu_order":0,"comment_status":"closed","ping_status":"closed","template":"","meta":{"footnotes":""},"class_list":["post-14","page","type-page","status-publish","hentry"],"yoast_head":"<!-- This site is optimized with the Yoast SEO plugin v18.2 - https:\/\/yoast.com\/wordpress\/plugins\/seo\/ -->\n<title>Servicios - The Heidelberg Exzellenz Hotel<\/title>\n<meta name=\"robots\" content=\"index, follow, max-snippet:-1, max-image-preview:large, max-video-preview:-1\" \/>\n<link rel=\"canonical\" href=\"https:\/\/the-heidelberg.de\/es\/servicios\/\" \/>\n<meta property=\"og:locale\" content=\"de_DE\" \/>\n<meta property=\"og:type\" content=\"article\" \/>\n<meta property=\"og:title\" content=\"Servicios - The Heidelberg Exzellenz Hotel\" \/>\n<meta property=\"og:description\" content=\"4,4 Muy bueno &#8211; 350 recomendaciones en Google Enviar Correo 06221 9150 Jetzt buchen Nuestros servicios disfrutar desde el primer segundo Le ofrecemos: Nuestros aparcamientos y plazas de garaje, as\u00ed como los permisos para aparcarse en la calle, facilitar\u00e1n su llegada y salida. Por favor, reserve con anticipaci\u00f3n.\u00a0 Para empezar el d\u00eda de la mejor [&hellip;]\" \/>\n<meta property=\"og:url\" content=\"https:\/\/the-heidelberg.de\/es\/servicios\/\" \/>\n<meta property=\"og:site_name\" content=\"The Heidelberg Exzellenz Hotel\" \/>\n<meta property=\"article:modified_time\" content=\"2025-06-02T14:11:08+00:00\" \/>\n<meta name=\"twitter:card\" content=\"summary_large_image\" \/>\n<meta name=\"twitter:label1\" content=\"Gesch\u00e4tzte Lesezeit\" \/>\n\t<meta name=\"twitter:data1\" content=\"1\u00a0Minute\" \/>\n<script type=\"application\/ld+json\" class=\"yoast-schema-graph\">{\"@context\":\"https:\/\/schema.org\",\"@graph\":[{\"@type\":\"WebSite\",\"@id\":\"https:\/\/the-heidelberg.de\/es\/#website\",\"url\":\"https:\/\/the-heidelberg.de\/es\/\",\"name\":\"The Heidelberg Exzellenz Hotel\",\"description\":\"\",\"potentialAction\":[{\"@type\":\"SearchAction\",\"target\":{\"@type\":\"EntryPoint\",\"urlTemplate\":\"https:\/\/the-heidelberg.de\/es\/?s={search_term_string}\"},\"query-input\":\"required name=search_term_string\"}],\"inLanguage\":\"de\"},{\"@type\":\"WebPage\",\"@id\":\"https:\/\/the-heidelberg.de\/es\/servicios\/#webpage\",\"url\":\"https:\/\/the-heidelberg.de\/es\/servicios\/\",\"name\":\"Servicios - The Heidelberg Exzellenz Hotel\",\"isPartOf\":{\"@id\":\"https:\/\/the-heidelberg.de\/es\/#website\"},\"datePublished\":\"2021-12-15T07:31:39+00:00\",\"dateModified\":\"2025-06-02T14:11:08+00:00\",\"breadcrumb\":{\"@id\":\"https:\/\/the-heidelberg.de\/es\/servicios\/#breadcrumb\"},\"inLanguage\":\"de\",\"potentialAction\":[{\"@type\":\"ReadAction\",\"target\":[\"https:\/\/the-heidelberg.de\/es\/servicios\/\"]}]},{\"@type\":\"BreadcrumbList\",\"@id\":\"https:\/\/the-heidelberg.de\/es\/servicios\/#breadcrumb\",\"itemListElement\":[{\"@type\":\"ListItem\",\"position\":1,\"name\":\"Startseite\",\"item\":\"https:\/\/the-heidelberg.de\/es\/\"},{\"@type\":\"ListItem\",\"position\":2,\"name\":\"Servicios\"}]}]}<\/script>\n<!-- \/ Yoast SEO plugin. -->","yoast_head_json":{"title":"Servicios - The Heidelberg Exzellenz Hotel","robots":{"index":"index","follow":"follow","max-snippet":"max-snippet:-1","max-image-preview":"max-image-preview:large","max-video-preview":"max-video-preview:-1"},"canonical":"https:\/\/the-heidelberg.de\/es\/servicios\/","og_locale":"de_DE","og_type":"article","og_title":"Servicios - The Heidelberg Exzellenz Hotel","og_description":"4,4 Muy bueno &#8211; 350 recomendaciones en Google Enviar Correo 06221 9150 Jetzt buchen Nuestros servicios disfrutar desde el primer segundo Le ofrecemos: Nuestros aparcamientos y plazas de garaje, as\u00ed como los permisos para aparcarse en la calle, facilitar\u00e1n su llegada y salida. Por favor, reserve con anticipaci\u00f3n.\u00a0 Para empezar el d\u00eda de la mejor [&hellip;]","og_url":"https:\/\/the-heidelberg.de\/es\/servicios\/","og_site_name":"The Heidelberg Exzellenz Hotel","article_modified_time":"2025-06-02T14:11:08+00:00","twitter_card":"summary_large_image","twitter_misc":{"Gesch\u00e4tzte Lesezeit":"1\u00a0Minute"},"schema":{"@context":"https:\/\/schema.org","@graph":[{"@type":"WebSite","@id":"https:\/\/the-heidelberg.de\/es\/#website","url":"https:\/\/the-heidelberg.de\/es\/","name":"The Heidelberg Exzellenz Hotel","description":"","potentialAction":[{"@type":"SearchAction","target":{"@type":"EntryPoint","urlTemplate":"https:\/\/the-heidelberg.de\/es\/?s={search_term_string}"},"query-input":"required name=search_term_string"}],"inLanguage":"de"},{"@type":"WebPage","@id":"https:\/\/the-heidelberg.de\/es\/servicios\/#webpage","url":"https:\/\/the-heidelberg.de\/es\/servicios\/","name":"Servicios - The Heidelberg Exzellenz Hotel","isPartOf":{"@id":"https:\/\/the-heidelberg.de\/es\/#website"},"datePublished":"2021-12-15T07:31:39+00:00","dateModified":"2025-06-02T14:11:08+00:00","breadcrumb":{"@id":"https:\/\/the-heidelberg.de\/es\/servicios\/#breadcrumb"},"inLanguage":"de","potentialAction":[{"@type":"ReadAction","target":["https:\/\/the-heidelberg.de\/es\/servicios\/"]}]},{"@type":"BreadcrumbList","@id":"https:\/\/the-heidelberg.de\/es\/servicios\/#breadcrumb","itemListElement":[{"@type":"ListItem","position":1,"name":"Startseite","item":"https:\/\/the-heidelberg.de\/es\/"},{"@type":"ListItem","position":2,"name":"Servicios"}]}]}},"_links":{"self":[{"href":"https:\/\/the-heidelberg.de\/es\/wp-json\/wp\/v2\/pages\/14","targetHints":{"allow":["GET"]}}],"collection":[{"href":"https:\/\/the-heidelberg.de\/es\/wp-json\/wp\/v2\/pages"}],"about":[{"href":"https:\/\/the-heidelberg.de\/es\/wp-json\/wp\/v2\/types\/page"}],"author":[{"embeddable":true,"href":"https:\/\/the-heidelberg.de\/es\/wp-json\/wp\/v2\/users\/1"}],"replies":[{"embeddable":true,"href":"https:\/\/the-heidelberg.de\/es\/wp-json\/wp\/v2\/comments?post=14"}],"version-history":[{"count":39,"href":"https:\/\/the-heidelberg.de\/es\/wp-json\/wp\/v2\/pages\/14\/revisions"}],"predecessor-version":[{"id":836,"href":"https:\/\/the-heidelberg.de\/es\/wp-json\/wp\/v2\/pages\/14\/revisions\/836"}],"wp:attachment":[{"href":"https:\/\/the-heidelberg.de\/es\/wp-json\/wp\/v2\/media?parent=14"}],"curies":[{"name":"wp","href":"https:\/\/api.w.org\/{rel}","templated":true}]}}