{"id":685,"date":"2022-08-18T11:46:17","date_gmt":"2022-08-18T09:46:17","guid":{"rendered":"https:\/\/the-heidelberg.de\/es\/?page_id=685"},"modified":"2025-05-28T16:44:23","modified_gmt":"2025-05-28T14:44:23","slug":"guestbook","status":"publish","type":"page","link":"https:\/\/the-heidelberg.de\/es\/guestbook\/","title":{"rendered":"Guestbook"},"content":{"rendered":"\t\t<div data-elementor-type=\"wp-page\" data-elementor-id=\"685\" class=\"elementor elementor-685\" data-elementor-settings=\"[]\">\n\t\t\t\t\t\t\t<div class=\"elementor-section-wrap\">\n\t\t\t\t\t\t\t<section class=\"elementor-section elementor-top-section elementor-element elementor-element-7e492127 elementor-section-full_width elementor-section-height-default elementor-section-height-default\" data-id=\"7e492127\" data-element_type=\"section\">\n\t\t\t\t\t\t<div class=\"elementor-container elementor-column-gap-no\">\n\t\t\t\t\t<div class=\"elementor-column elementor-col-100 elementor-top-column elementor-element elementor-element-679cbfc5\" data-id=\"679cbfc5\" data-element_type=\"column\">\n\t\t\t<div class=\"elementor-widget-wrap elementor-element-populated\">\n\t\t\t\t\t\t\t\t<div class=\"elementor-element elementor-element-3fe6258c elementor-widget elementor-widget-Kd_Header\" data-id=\"3fe6258c\" data-element_type=\"widget\" data-widget_type=\"Kd_Header.default\">\n\t\t\t\t<div class=\"elementor-widget-container\">\n\t\t\t\t\t\t<div class=\"headerpic\">\n\t\t\t\t<div class=\"headerpic-image\" style=\"background-image:url(https:\/\/the-heidelberg.de\/es\/wp-content\/uploads\/2021\/12\/2.jpeg)\">\n\t\t\t\t<\/div>\n\t\t\t\t<div class=\"headerpic-bar\">\n\t\t\t\t\t\t\t\t\t\t<div class=\"headerpic-bar-rating\">\n\t\t\t\t\t\t<div class=\"headerpic-bar-rating-icons\">\n\t\t\t\t\t\t\t<i class=\"fas fa-star\"><\/i>\n\t\t\t\t\t\t\t<i class=\"fas fa-star\"><\/i>\n\t\t\t\t\t\t\t<i class=\"fas fa-star\"><\/i>\n\t\t\t\t\t\t\t<i class=\"fas fa-star\"><\/i>\n\t\t\t\t\t\t\t<i class=\"fas fa-star\"><\/i>\n\t\t\t\t\t\t<\/div>\n\t\t\t\t\t\tSehr gut - 6 Bewertungen\t\t\t\t\t<\/div>\n\t\t\t\t\t\t\t\t\t\t<div class=\"headerpic-bar-mail\">\n\t\t\t\t\t\t<a href=\"mailto:info@the-heidelberg.de\"><i class=\"fal fa-envelope\"><\/i>Enviar Correo<\/a>\n\t\t\t\t\t<\/div>\n\t\t\t\t\t<div class=\"headerpic-bar-phone\">\n\t\t\t\t\t\t<a href=\"tel:06221 9150\"><i class=\"fal fa-phone-alt\"><\/i>06221 9150<\/a>\t\t\t\t\t\n\t\t\t\t\t<\/div>\n\t\t\t\t\t<div class=\"headerpic-bar-book\">\n\t\t\t\t\t\t<a href=\"#\" class=\"d21-trigger-ibe\"><i class=\"fal fa-book d21-trigger-ibet\"><\/i>Jetzt buchen<\/a>\t\t\t\t\t\n\t\t\t\t\t<\/div>\n\t\t\t\t<\/div>\n\t\t\t<\/div>\n        \t\t<\/div>\n\t\t\t\t<\/div>\n\t\t\t\t\t<\/div>\n\t\t<\/div>\n\t\t\t\t\t\t\t<\/div>\n\t\t<\/section>\n\t\t\t\t<section class=\"elementor-section elementor-top-section elementor-element elementor-element-4bda2120 elementor-section-boxed elementor-section-height-default elementor-section-height-default\" data-id=\"4bda2120\" data-element_type=\"section\">\n\t\t\t\t\t\t<div class=\"elementor-container elementor-column-gap-default\">\n\t\t\t\t\t<div class=\"elementor-column elementor-col-100 elementor-top-column elementor-element elementor-element-674a2789\" data-id=\"674a2789\" data-element_type=\"column\">\n\t\t\t<div class=\"elementor-widget-wrap elementor-element-populated\">\n\t\t\t\t\t\t\t\t<div class=\"elementor-element elementor-element-730413c0 elementor-widget elementor-widget-heading\" data-id=\"730413c0\" data-element_type=\"widget\" data-widget_type=\"heading.default\">\n\t\t\t\t<div class=\"elementor-widget-container\">\n\t\t\t<h1 class=\"elementor-heading-title elementor-size-default\"><b>Nuestro libro de visitas<\/b><br>para su recomendaci\u00f3n<\/h1>\t\t<\/div>\n\t\t\t\t<\/div>\n\t\t\t\t\t<\/div>\n\t\t<\/div>\n\t\t\t\t\t\t\t<\/div>\n\t\t<\/section>\n\t\t\t\t<section class=\"elementor-section elementor-top-section elementor-element elementor-element-95a1f0a elementor-section-boxed elementor-section-height-default elementor-section-height-default\" data-id=\"95a1f0a\" data-element_type=\"section\">\n\t\t\t\t\t\t<div class=\"elementor-container elementor-column-gap-default\">\n\t\t\t\t\t<div class=\"elementor-column elementor-col-100 elementor-top-column elementor-element elementor-element-13c96a5\" data-id=\"13c96a5\" data-element_type=\"column\">\n\t\t\t<div class=\"elementor-widget-wrap elementor-element-populated\">\n\t\t\t\t\t\t\t\t<div class=\"elementor-element elementor-element-496aa021 elementor-widget elementor-widget-text-editor\" data-id=\"496aa021\" data-element_type=\"widget\" data-widget_type=\"text-editor.default\">\n\t\t\t\t<div class=\"elementor-widget-container\">\n\t\t\t\t\t\t\t<div class=\"gwolle-gb\"><div class=\"gwolle_gb_messages_top_container\"><\/div>\n\t\t\t<div class=\"gwolle-gb-write-button\">\n\t\t\t\t<input type=\"button\" name=\"gwolle-gb-write-button\" class=\"button btn btn-default \" value=\"Neuen Eintrag schreiben\" \/>\n\t\t\t<\/div>\n\t\t\t<form action=\"#\" method=\"POST\" class=\"gwolle-gb-write gwolle-gb-hide gwolle-gb-float gwolle_gb_form_ajax gwolle-gb-form-ajax gwolle-gb-ajax\">\n\t\t\t\t<h3>Einen neuen Eintrag f\u00fcr das G\u00e4stebuch schreiben<\/h3>\n\t\t\t\t<button type=\"button\" class=\"gb-notice-dismiss\">x<span class=\"screen-reader-text\">Dieses Formular ausblenden<\/span><\/button>\n\t\t\t\n\t\t\t\t<input type=\"hidden\" name=\"gwolle_gb_function\" class=\"gwolle_gb_function\" value=\"add_entry\" \/><input type=\"hidden\" name=\"gwolle_gb_book_id\" class=\"gwolle_gb_book_id\" value=\"1\" \/><div class=\"gwolle_gb_98ca09839c7e961d06ab4cb819cb6287\">\n\t\t\t\t<div class=\"label\"><label for=\"gwolle_gb_98ca09839c7e961d06ab4cb819cb6287\" class=\"text-info\">Name *<\/label><\/div>\n\t\t\t\t<div class=\"input\"><input class=\"wp-exclude-emoji gwolle_gb_98ca09839c7e961d06ab4cb819cb6287\" value=\"\" type=\"text\" name=\"gwolle_gb_98ca09839c7e961d06ab4cb819cb6287\" required \/><\/div>\n\t\t\t\t<div class=\"clearBoth\">&nbsp;<\/div>\n\t\t\t<\/div><div class=\"gwolle_gb_12fc53f41ec93be3c036ad8ed20758ec\">\n\t\t\t\t<div class=\"label\"><label for=\"gwolle_gb_12fc53f41ec93be3c036ad8ed20758ec\" class=\"text-info\">E-Mail *<\/label><\/div>\n\t\t\t\t<div class=\"input\"><input class=\"gwolle_gb_12fc53f41ec93be3c036ad8ed20758ec\" value=\"\" type=\"text\" name=\"gwolle_gb_12fc53f41ec93be3c036ad8ed20758ec\" required \/><\/div>\n\t\t\t\t<div class=\"clearBoth\">&nbsp;<\/div>\n\t\t\t<\/div>\n\t\t\t<div class=\"gwolle_gb_90c8dcbfbd11efea7d5ad6106a4d567e\" style=\"display:none;\">\n\t\t\t\t<div class=\"label\">\n\t\t\t\t\t<label for=\"gwolle_gb_90c8dcbfbd11efea7d5ad6106a4d567e\" class=\"text-primary\">Hier nichts eingeben<\/label>\n\t\t\t\t\t<label for=\"gwolle_gb_de9548d1eb70e0aed86520bcba66b376\" class=\"text-primary\">Hier nichts eingeben<\/label>\n\t\t\t\t<\/div>\n\t\t\t\t<div class=\"input\">\n\t\t\t\t\t<input value=\"84\" type=\"text\" name=\"gwolle_gb_90c8dcbfbd11efea7d5ad6106a4d567e\" class=\"gwolle_gb_90c8dcbfbd11efea7d5ad6106a4d567e\" \/>\n\t\t\t\t\t<input value=\"\" type=\"text\" name=\"gwolle_gb_de9548d1eb70e0aed86520bcba66b376\" class=\"gwolle_gb_de9548d1eb70e0aed86520bcba66b376\" \/>\n\t\t\t\t<\/div>\n\t\t\t\t<div class=\"clearBoth\"><\/div>\n\t\t\t<\/div>\n\t\t\t<div class=\"gwolle_gb_3671360097eb3d4c0c818041ba8bbbdc\" style=\"display:none;\">\n\t\t\t\t<div class=\"label\">\n\t\t\t\t\t<label for=\"gwolle_gb_3671360097eb3d4c0c818041ba8bbbdc\" class=\"text-primary\">Hier nichts eingeben<\/label>\n\t\t\t\t\t<label for=\"gwolle_gb_b4d04a773d042ff9763edc65e363f3bb\" class=\"text-primary\">Hier nichts eingeben<\/label>\n\t\t\t\t<\/div>\n\t\t\t\t<div class=\"input\">\n\t\t\t\t\t<input value=\"85526\" type=\"text\" name=\"gwolle_gb_3671360097eb3d4c0c818041ba8bbbdc\" class=\"gwolle_gb_3671360097eb3d4c0c818041ba8bbbdc\" \/>\n\t\t\t\t\t<input value=\"85526\" type=\"text\" name=\"gwolle_gb_b4d04a773d042ff9763edc65e363f3bb\" class=\"gwolle_gb_b4d04a773d042ff9763edc65e363f3bb\" \/>\n\t\t\t\t<\/div>\n\t\t\t\t<div class=\"clearBoth\"><\/div>\n\t\t\t<\/div><div class=\"gwolle_gb_content\">\n\t\t\t\t<div class=\"label\"><label for=\"gwolle_gb_content\" class=\"text-info\">G\u00e4stebucheintrag *<\/label><\/div>\n\t\t\t\t<div class=\"input\"><textarea name=\"gwolle_gb_content\" class=\"gwolle_gb_content wp-exclude-emoji\" required ><\/textarea><\/div>\n\t\t\t\t\t<div class=\"clearBoth\">&nbsp;<\/div>\n\t\t\t\t<\/div><input type=\"hidden\" class=\"gwolle_gb_4fe25215bf71a9f8e542b61c539f1239\" name=\"gwolle_gb_4fe25215bf71a9f8e542b61c539f1239\" value=\"4c6c088daa\" \/>\n\t\t\t<div class=\"gwolle_gb_messages_bottom_container\"><\/div>\n\n\t\t\t<noscript><div class=\"no-js\">Warnung: Dieses Formular kann nur verwendet werden, wenn in deinem Browser JavaScript aktiviert ist.<\/div><\/noscript>\n\n\t\t\t<div class=\"gwolle_gb_submit\">\n\t\t\t\t<div class=\"label gwolle-gb-invisible text-muted\">&nbsp;<\/div>\n\t\t\t\t<div class=\"input\">\n\t\t\t\t\t<input type=\"submit\" name=\"gwolle_gb_submit\" class=\"gwolle_gb_submit button btn btn-primary \" value=\"Absenden\" \/>\n\t\t\t\t\t<span class=\"gwolle_gb_submit_ajax_icon\"><\/span>\n\t\t\t\n\t\t\t\t<\/div>\n\t\t\t\t<div class=\"clearBoth\">&nbsp;<\/div>\n\t\t\t<\/div>\n\n\t\t\t<div class=\"gwolle_gb_notice\">\n\t\t\t\tMit * gekennzeichnete Felder sind erforderlich.<br \/>\r\nDeine E-Mail-Adresse wird nicht ver\u00f6ffentlicht.<br \/>\r\nEs ist m\u00f6glich, dass dein Eintrag im G\u00e4stebuch erst sichtbar ist, nachdem wir ihn \u00fcberpr\u00fcft haben.<br \/>\r\nWir behalten uns vor, Eintr\u00e4ge zu bearbeiten, zu l\u00f6schen oder nicht zu ver\u00f6ffentlichen.\n\t\t\t<\/div><\/form><div class=\"gwolle-gb-read gwolle-gb-ajax\" data-book_id=\"1\">(Noch keine Eintr\u00e4ge)<\/div><\/div>\t\t\t\t\t\t<\/div>\n\t\t\t\t<\/div>\n\t\t\t\t\t<\/div>\n\t\t<\/div>\n\t\t\t\t\t\t\t<\/div>\n\t\t<\/section>\n\t\t\t\t\t\t<\/div>\n\t\t\t\t\t<\/div>\n\t\t","protected":false},"excerpt":{"rendered":"<p>Sehr gut &#8211; 6 Bewertungen Enviar Correo 06221 9150 Jetzt buchen Nuestro libro de visitaspara su recomendaci\u00f3n<\/p>\n","protected":false},"author":2,"featured_media":0,"parent":0,"menu_order":0,"comment_status":"closed","ping_status":"closed","template":"","meta":{"footnotes":""},"class_list":["post-685","page","type-page","status-publish","hentry"],"yoast_head":"<!-- This site is optimized with the Yoast SEO plugin v18.2 - https:\/\/yoast.com\/wordpress\/plugins\/seo\/ -->\n<title>Guestbook - The Heidelberg Exzellenz Hotel<\/title>\n<meta name=\"robots\" content=\"index, follow, max-snippet:-1, max-image-preview:large, max-video-preview:-1\" \/>\n<link rel=\"canonical\" href=\"https:\/\/the-heidelberg.de\/es\/guestbook\/\" \/>\n<meta property=\"og:locale\" content=\"de_DE\" \/>\n<meta property=\"og:type\" content=\"article\" \/>\n<meta property=\"og:title\" content=\"Guestbook - The Heidelberg Exzellenz Hotel\" \/>\n<meta property=\"og:description\" content=\"Sehr gut &#8211; 6 Bewertungen Enviar Correo 06221 9150 Jetzt buchen Nuestro libro de visitaspara su recomendaci\u00f3n\" \/>\n<meta property=\"og:url\" content=\"https:\/\/the-heidelberg.de\/es\/guestbook\/\" \/>\n<meta property=\"og:site_name\" content=\"The Heidelberg Exzellenz Hotel\" \/>\n<meta property=\"article:modified_time\" content=\"2025-05-28T14:44:23+00:00\" \/>\n<meta name=\"twitter:card\" content=\"summary_large_image\" \/>\n<meta name=\"twitter:label1\" content=\"Gesch\u00e4tzte Lesezeit\" \/>\n\t<meta name=\"twitter:data1\" content=\"1\u00a0Minute\" \/>\n<script type=\"application\/ld+json\" class=\"yoast-schema-graph\">{\"@context\":\"https:\/\/schema.org\",\"@graph\":[{\"@type\":\"WebSite\",\"@id\":\"https:\/\/the-heidelberg.de\/es\/#website\",\"url\":\"https:\/\/the-heidelberg.de\/es\/\",\"name\":\"The Heidelberg Exzellenz Hotel\",\"description\":\"\",\"potentialAction\":[{\"@type\":\"SearchAction\",\"target\":{\"@type\":\"EntryPoint\",\"urlTemplate\":\"https:\/\/the-heidelberg.de\/es\/?s={search_term_string}\"},\"query-input\":\"required name=search_term_string\"}],\"inLanguage\":\"de\"},{\"@type\":\"WebPage\",\"@id\":\"https:\/\/the-heidelberg.de\/es\/guestbook\/#webpage\",\"url\":\"https:\/\/the-heidelberg.de\/es\/guestbook\/\",\"name\":\"Guestbook - The Heidelberg Exzellenz Hotel\",\"isPartOf\":{\"@id\":\"https:\/\/the-heidelberg.de\/es\/#website\"},\"datePublished\":\"2022-08-18T09:46:17+00:00\",\"dateModified\":\"2025-05-28T14:44:23+00:00\",\"breadcrumb\":{\"@id\":\"https:\/\/the-heidelberg.de\/es\/guestbook\/#breadcrumb\"},\"inLanguage\":\"de\",\"potentialAction\":[{\"@type\":\"ReadAction\",\"target\":[\"https:\/\/the-heidelberg.de\/es\/guestbook\/\"]}]},{\"@type\":\"BreadcrumbList\",\"@id\":\"https:\/\/the-heidelberg.de\/es\/guestbook\/#breadcrumb\",\"itemListElement\":[{\"@type\":\"ListItem\",\"position\":1,\"name\":\"Startseite\",\"item\":\"https:\/\/the-heidelberg.de\/es\/\"},{\"@type\":\"ListItem\",\"position\":2,\"name\":\"Guestbook\"}]}]}<\/script>\n<!-- \/ Yoast SEO plugin. -->","yoast_head_json":{"title":"Guestbook - The Heidelberg Exzellenz Hotel","robots":{"index":"index","follow":"follow","max-snippet":"max-snippet:-1","max-image-preview":"max-image-preview:large","max-video-preview":"max-video-preview:-1"},"canonical":"https:\/\/the-heidelberg.de\/es\/guestbook\/","og_locale":"de_DE","og_type":"article","og_title":"Guestbook - The Heidelberg Exzellenz Hotel","og_description":"Sehr gut &#8211; 6 Bewertungen Enviar Correo 06221 9150 Jetzt buchen Nuestro libro de visitaspara su recomendaci\u00f3n","og_url":"https:\/\/the-heidelberg.de\/es\/guestbook\/","og_site_name":"The Heidelberg Exzellenz Hotel","article_modified_time":"2025-05-28T14:44:23+00:00","twitter_card":"summary_large_image","twitter_misc":{"Gesch\u00e4tzte Lesezeit":"1\u00a0Minute"},"schema":{"@context":"https:\/\/schema.org","@graph":[{"@type":"WebSite","@id":"https:\/\/the-heidelberg.de\/es\/#website","url":"https:\/\/the-heidelberg.de\/es\/","name":"The Heidelberg Exzellenz Hotel","description":"","potentialAction":[{"@type":"SearchAction","target":{"@type":"EntryPoint","urlTemplate":"https:\/\/the-heidelberg.de\/es\/?s={search_term_string}"},"query-input":"required name=search_term_string"}],"inLanguage":"de"},{"@type":"WebPage","@id":"https:\/\/the-heidelberg.de\/es\/guestbook\/#webpage","url":"https:\/\/the-heidelberg.de\/es\/guestbook\/","name":"Guestbook - The Heidelberg Exzellenz Hotel","isPartOf":{"@id":"https:\/\/the-heidelberg.de\/es\/#website"},"datePublished":"2022-08-18T09:46:17+00:00","dateModified":"2025-05-28T14:44:23+00:00","breadcrumb":{"@id":"https:\/\/the-heidelberg.de\/es\/guestbook\/#breadcrumb"},"inLanguage":"de","potentialAction":[{"@type":"ReadAction","target":["https:\/\/the-heidelberg.de\/es\/guestbook\/"]}]},{"@type":"BreadcrumbList","@id":"https:\/\/the-heidelberg.de\/es\/guestbook\/#breadcrumb","itemListElement":[{"@type":"ListItem","position":1,"name":"Startseite","item":"https:\/\/the-heidelberg.de\/es\/"},{"@type":"ListItem","position":2,"name":"Guestbook"}]}]}},"_links":{"self":[{"href":"https:\/\/the-heidelberg.de\/es\/wp-json\/wp\/v2\/pages\/685","targetHints":{"allow":["GET"]}}],"collection":[{"href":"https:\/\/the-heidelberg.de\/es\/wp-json\/wp\/v2\/pages"}],"about":[{"href":"https:\/\/the-heidelberg.de\/es\/wp-json\/wp\/v2\/types\/page"}],"author":[{"embeddable":true,"href":"https:\/\/the-heidelberg.de\/es\/wp-json\/wp\/v2\/users\/2"}],"replies":[{"embeddable":true,"href":"https:\/\/the-heidelberg.de\/es\/wp-json\/wp\/v2\/comments?post=685"}],"version-history":[{"count":10,"href":"https:\/\/the-heidelberg.de\/es\/wp-json\/wp\/v2\/pages\/685\/revisions"}],"predecessor-version":[{"id":821,"href":"https:\/\/the-heidelberg.de\/es\/wp-json\/wp\/v2\/pages\/685\/revisions\/821"}],"wp:attachment":[{"href":"https:\/\/the-heidelberg.de\/es\/wp-json\/wp\/v2\/media?parent=685"}],"curies":[{"name":"wp","href":"https:\/\/api.w.org\/{rel}","templated":true}]}}