{"id":7,"date":"2021-12-15T08:31:03","date_gmt":"2021-12-15T07:31:03","guid":{"rendered":"http:\/\/s890643968.online.de\/?page_id=7"},"modified":"2022-09-20T18:26:31","modified_gmt":"2022-09-20T16:26:31","slug":"startseite","status":"publish","type":"page","link":"https:\/\/the-heidelberg.de\/es\/","title":{"rendered":"Startseite"},"content":{"rendered":"\t\t<div data-elementor-type=\"wp-page\" data-elementor-id=\"7\" class=\"elementor elementor-7\" data-elementor-settings=\"[]\">\n\t\t\t\t\t\t\t<div class=\"elementor-section-wrap\">\n\t\t\t\t\t\t\t<section class=\"elementor-section elementor-top-section elementor-element elementor-element-5696329 elementor-section-full_width elementor-section-height-default elementor-section-height-default\" data-id=\"5696329\" data-element_type=\"section\">\n\t\t\t\t\t\t<div class=\"elementor-container elementor-column-gap-no\">\n\t\t\t\t\t<div class=\"elementor-column elementor-col-100 elementor-top-column elementor-element elementor-element-eca84c2\" data-id=\"eca84c2\" data-element_type=\"column\">\n\t\t\t<div class=\"elementor-widget-wrap elementor-element-populated\">\n\t\t\t\t\t\t\t\t<div class=\"elementor-element elementor-element-8e6b339 elementor-widget elementor-widget-Kd_Header\" data-id=\"8e6b339\" data-element_type=\"widget\" data-widget_type=\"Kd_Header.default\">\n\t\t\t\t<div class=\"elementor-widget-container\">\n\t\t\t\t\t\t<div class=\"headerpic\">\n\t\t\t\t<div class=\"headerpic-image\" style=\"background-image:url(https:\/\/the-heidelberg.de\/es\/wp-content\/uploads\/2021\/12\/banner_preise.jpg)\">\n\t\t\t\t<\/div>\n\t\t\t\t<div class=\"headerpic-bar\">\n\t\t\t\t\t\t\t\t\t\t<a class=\"headerpic-bar-rating\" href=\"https:\/\/www.google.com\/travel\/hotels\/the%20heidelberg%20exzellenz%20hotel\/entity\/CgoIqcbRwdiJ46saEAE\/reviews?g2lb=4306835%2C4649665%2C4640247%2C4686528%2C4685401%2C4270442%2C4317915%2C4597339%2C4419364%2C4308226%2C4667459%2C4371334%2C4258168%2C4596364%2C4641139%2C4605861%2C2503781%2C2502548%2C2503771%2C4401769%2C4624411%2C4684914%2C4291517%2C4270859%2C4284970&hl=de-DE&gl=de&cs=1&ssta=1&q=the%20heidelberg%20exzellenz%20hotel&rp=EKnG0cHYieOrGjgCQABIAcABAg&ictx=1&sa=X&ved=0CAAQ5JsGahcKEwi4_uvTl5j1AhUAAAAAHQAAAAAQAg&utm_campaign=sharing&utm_medium=link&utm_source=htls&ts=CAESABpJCisSJzIlMHg0Nzk3YzBlMjA4Y2IzMDAxOjB4MWE1NzhjNGQ4ODM0NjMyORoAEhoSFAoHCOYPEAEYBxIHCOYPEAEYCBgBMgIQACoJCgU6A0VVUhoA\"   target=\"_blank\" >\n\t\t\t\t\t\t<div class=\"headerpic-bar-rating-icons\">\n\t\t\t\t\t\t\t<i class=\"fas fa-star\"><\/i>\n\t\t\t\t\t\t\t<i class=\"fas fa-star\"><\/i>\n\t\t\t\t\t\t\t<i class=\"fas fa-star\"><\/i>\n\t\t\t\t\t\t\t<i class=\"fas fa-star\"><\/i>\n\t\t\t\t\t\t\t<i class=\"fas fa-star\"><\/i>\n\t\t\t\t\t\t<\/div>\n\t\t\t\t\t\t4,4 Sehr gut - 350 Reviews at Google\t\t\t\t\t<\/a>\n\t\t\t\t\t\t\t\t\t\t<div class=\"headerpic-bar-mail\">\n\t\t\t\t\t\t<a href=\"mailto:info@the-heidelberg.de\"><i class=\"fal fa-envelope\"><\/i>Enviar Correo<\/a>\n\t\t\t\t\t<\/div>\n\t\t\t\t\t<div class=\"headerpic-bar-phone\">\n\t\t\t\t\t\t<a href=\"tel:06221 9150\"><i class=\"fal fa-phone-alt\"><\/i>06221 9150<\/a>\t\t\t\t\t\n\t\t\t\t\t<\/div>\n\t\t\t\t\t<div class=\"headerpic-bar-book\">\n\t\t\t\t\t\t<a href=\"#\" class=\"d21-trigger-ibe\"><i class=\"fal fa-book d21-trigger-ibet\"><\/i>Jetzt buchen<\/a>\t\t\t\t\t\n\t\t\t\t\t<\/div>\n\t\t\t\t<\/div>\n\t\t\t<\/div>\n        \t\t<\/div>\n\t\t\t\t<\/div>\n\t\t\t\t\t<\/div>\n\t\t<\/div>\n\t\t\t\t\t\t\t<\/div>\n\t\t<\/section>\n\t\t\t\t<section class=\"elementor-section elementor-top-section elementor-element elementor-element-c2b9f81 elementor-section-boxed elementor-section-height-default elementor-section-height-default\" data-id=\"c2b9f81\" data-element_type=\"section\">\n\t\t\t\t\t\t<div class=\"elementor-container elementor-column-gap-default\">\n\t\t\t\t\t<div class=\"elementor-column elementor-col-100 elementor-top-column elementor-element elementor-element-d27abf9\" data-id=\"d27abf9\" data-element_type=\"column\">\n\t\t\t<div class=\"elementor-widget-wrap elementor-element-populated\">\n\t\t\t\t\t\t\t\t<div class=\"elementor-element elementor-element-2e19967 elementor-widget elementor-widget-heading\" data-id=\"2e19967\" data-element_type=\"widget\" data-widget_type=\"heading.default\">\n\t\t\t\t<div class=\"elementor-widget-container\">\n\t\t\t<h1 class=\"elementor-heading-title elementor-size-default\">Bienvenidos al <br><b>\nThe Heidelberg Excellenz Hotel! <\/b><\/h1>\t\t<\/div>\n\t\t\t\t<\/div>\n\t\t\t\t<div class=\"elementor-element elementor-element-54e573f elementor-widget elementor-widget-text-editor\" data-id=\"54e573f\" data-element_type=\"widget\" data-widget_type=\"text-editor.default\">\n\t\t\t\t<div class=\"elementor-widget-container\">\n\t\t\t\t\t\t\t<p><span data-contrast=\"auto\">Situado en el centro, nuestro hotel urbano, encantador e individualmente amueblado \u00abThe Heidelberg\u00bb le da la bienvenida.<\/span><span data-ccp-props=\"{&quot;134233118&quot;:true}\">\u00a0<\/span><\/p><p><span data-contrast=\"auto\">Si se trata de un viaje urbano o de un viaje de negocios, le ofrecemos un nuevo concepto de estilo de vida y un dise\u00f1o excepcional en la mejor ubicaci\u00f3n, con una excelente relaci\u00f3n calidad-precio.<\/span><span data-ccp-props=\"{&quot;134233118&quot;:true}\">\u00a0<\/span><\/p><p><span data-contrast=\"auto\">48 habitaciones totalmente equipadas, de dos categor\u00edas diferentes, y un desayuno buffet cuidadosamente preparado le dan la bienvenida a Heidelberg.<\/span><span data-ccp-props=\"{&quot;134233118&quot;:true}\">\u00a0<\/span><\/p>\t\t\t\t\t\t<\/div>\n\t\t\t\t<\/div>\n\t\t\t\t\t<\/div>\n\t\t<\/div>\n\t\t\t\t\t\t\t<\/div>\n\t\t<\/section>\n\t\t\t\t<section class=\"elementor-section elementor-top-section elementor-element elementor-element-3b51348 elementor-section-boxed elementor-section-height-default elementor-section-height-default\" data-id=\"3b51348\" data-element_type=\"section\">\n\t\t\t\t\t\t<div class=\"elementor-container elementor-column-gap-default\">\n\t\t\t\t\t<div class=\"elementor-column elementor-col-100 elementor-top-column elementor-element elementor-element-65cd1dd\" data-id=\"65cd1dd\" data-element_type=\"column\">\n\t\t\t<div class=\"elementor-widget-wrap elementor-element-populated\">\n\t\t\t\t\t\t\t\t<div class=\"elementor-element elementor-element-befed00 elementor-widget elementor-widget-Kd_Linkboxes\" data-id=\"befed00\" data-element_type=\"widget\" data-widget_type=\"Kd_Linkboxes.default\">\n\t\t\t\t<div class=\"elementor-widget-container\">\n\t\t\t\t\t\t<div class=\"link-boxes\">\n                                    <a href=\"https:\/\/the-heidelberg.de\/es\/habitaciones\/\" class=\"link-box\" style=\"background-image:url(https:\/\/the-heidelberg.de\/es\/wp-content\/uploads\/2021\/12\/uebernachten.jpg)\">\n\t\t\t\t\t\t<div class=\"link-box-title\">Alojamiento<\/div>\n\t\t\t\t\t\t<div class=\"link-box-content\">\n\t\t\t\t\t\tNuestros estudios tambi\u00e9n disponen de una cocina americana totalmente equipada con nevera y son accesibles en ascensor.                          <\/div>\n\t\t\t\t\t\t<div class=\"link-box-effect\"><\/div>\n                    <\/a>\n                                    <a href=\"https:\/\/the-heidelberg.de\/es\/reuniones\/\" class=\"link-box\" style=\"background-image:url(https:\/\/the-heidelberg.de\/es\/wp-content\/uploads\/2021\/12\/Tagung.jpg)\">\n\t\t\t\t\t\t<div class=\"link-box-title\">Reuniones<\/div>\n\t\t\t\t\t\t<div class=\"link-box-content\">\n\t\t\t\t\t\tPor sus diversas funciones, nuestra sala de reuniones es \u00f3ptima para conferencias, seminarios, talleres y eventos similares.                          <\/div>\n\t\t\t\t\t\t<div class=\"link-box-effect\"><\/div>\n                    <\/a>\n                                    <a href=\"https:\/\/the-heidelberg.de\/es\/servicios\/\" class=\"link-box\" style=\"background-image:url(https:\/\/the-heidelberg.de\/es\/wp-content\/uploads\/2021\/12\/fruehstuck.jpg)\">\n\t\t\t\t\t\t<div class=\"link-box-title\">Desayuno<\/div>\n\t\t\t\t\t\t<div class=\"link-box-content\">\n\t\t\t\t\t\tSe suele decir que el desayuno es la comida m\u00e1s importante del d\u00eda. Por eso, tenemos todo lo que necesita para empezar bien el d\u00eda.                          <\/div>\n\t\t\t\t\t\t<div class=\"link-box-effect\"><\/div>\n                    <\/a>\n                \t\t\t<\/div>\n        \t\t<\/div>\n\t\t\t\t<\/div>\n\t\t\t\t\t<\/div>\n\t\t<\/div>\n\t\t\t\t\t\t\t<\/div>\n\t\t<\/section>\n\t\t\t\t<section class=\"elementor-section elementor-top-section elementor-element elementor-element-cc78390 elementor-section-boxed elementor-section-height-default elementor-section-height-default\" data-id=\"cc78390\" data-element_type=\"section\">\n\t\t\t\t\t\t<div class=\"elementor-container elementor-column-gap-default\">\n\t\t\t\t\t<div class=\"elementor-column elementor-col-100 elementor-top-column elementor-element elementor-element-f684bac\" data-id=\"f684bac\" data-element_type=\"column\">\n\t\t\t<div class=\"elementor-widget-wrap elementor-element-populated\">\n\t\t\t\t\t\t\t\t<div class=\"elementor-element elementor-element-dc0472a elementor-widget elementor-widget-heading\" data-id=\"dc0472a\" data-element_type=\"widget\" data-widget_type=\"heading.default\">\n\t\t\t\t<div class=\"elementor-widget-container\">\n\t\t\t<h2 class=\"elementor-heading-title elementor-size-default\">Galer\u00eda\u00a0<\/h2>\t\t<\/div>\n\t\t\t\t<\/div>\n\t\t\t\t<div class=\"elementor-element elementor-element-c72fd92 elementor-widget elementor-widget-gallery\" data-id=\"c72fd92\" data-element_type=\"widget\" data-settings=\"{&quot;gallery_layout&quot;:&quot;justified&quot;,&quot;ideal_row_height&quot;:{&quot;unit&quot;:&quot;px&quot;,&quot;size&quot;:328,&quot;sizes&quot;:[]},&quot;lazyload&quot;:&quot;yes&quot;,&quot;ideal_row_height_tablet&quot;:{&quot;unit&quot;:&quot;px&quot;,&quot;size&quot;:150,&quot;sizes&quot;:[]},&quot;ideal_row_height_mobile&quot;:{&quot;unit&quot;:&quot;px&quot;,&quot;size&quot;:150,&quot;sizes&quot;:[]},&quot;gap&quot;:{&quot;unit&quot;:&quot;px&quot;,&quot;size&quot;:10,&quot;sizes&quot;:[]},&quot;gap_tablet&quot;:{&quot;unit&quot;:&quot;px&quot;,&quot;size&quot;:10,&quot;sizes&quot;:[]},&quot;gap_mobile&quot;:{&quot;unit&quot;:&quot;px&quot;,&quot;size&quot;:10,&quot;sizes&quot;:[]},&quot;link_to&quot;:&quot;file&quot;,&quot;overlay_background&quot;:&quot;yes&quot;,&quot;content_hover_animation&quot;:&quot;fade-in&quot;}\" data-widget_type=\"gallery.default\">\n\t\t\t\t<div class=\"elementor-widget-container\">\n\t\t\t\t\t<div class=\"elementor-gallery__container\">\n\t\t\t\t\t\t\t<a class=\"e-gallery-item elementor-gallery-item elementor-animated-content\" href=\"https:\/\/the-heidelberg.de\/es\/wp-content\/uploads\/2021\/12\/5.jpeg\" data-elementor-open-lightbox=\"yes\" data-elementor-lightbox-slideshow=\"all-c72fd92\" data-elementor-lightbox-title=\"5\">\n\t\t\t\t\t<div class=\"e-gallery-image elementor-gallery-item__image\" data-thumbnail=\"https:\/\/the-heidelberg.de\/es\/wp-content\/uploads\/2021\/12\/5-768x542.jpeg\" data-width=\"768\" data-height=\"542\" alt=\"\" ><\/div>\n\t\t\t\t\t\t\t\t\t\t\t<div class=\"elementor-gallery-item__overlay\"><\/div>\n\t\t\t\t\t\t\t\t\t\t\t\t\t\t<\/a>\n\t\t\t\t\t\t\t<a class=\"e-gallery-item elementor-gallery-item elementor-animated-content\" href=\"https:\/\/the-heidelberg.de\/es\/wp-content\/uploads\/2021\/12\/4.jpeg\" data-elementor-open-lightbox=\"yes\" data-elementor-lightbox-slideshow=\"all-c72fd92\" data-elementor-lightbox-title=\"4\">\n\t\t\t\t\t<div class=\"e-gallery-image elementor-gallery-item__image\" data-thumbnail=\"https:\/\/the-heidelberg.de\/es\/wp-content\/uploads\/2021\/12\/4-768x500.jpeg\" data-width=\"768\" data-height=\"500\" alt=\"\" ><\/div>\n\t\t\t\t\t\t\t\t\t\t\t<div class=\"elementor-gallery-item__overlay\"><\/div>\n\t\t\t\t\t\t\t\t\t\t\t\t\t\t<\/a>\n\t\t\t\t\t\t\t<a class=\"e-gallery-item elementor-gallery-item elementor-animated-content\" href=\"https:\/\/the-heidelberg.de\/es\/wp-content\/uploads\/2021\/12\/2.jpeg\" data-elementor-open-lightbox=\"yes\" data-elementor-lightbox-slideshow=\"all-c72fd92\" data-elementor-lightbox-title=\"2\">\n\t\t\t\t\t<div class=\"e-gallery-image elementor-gallery-item__image\" data-thumbnail=\"https:\/\/the-heidelberg.de\/es\/wp-content\/uploads\/2021\/12\/2-768x521.jpeg\" data-width=\"768\" data-height=\"521\" alt=\"\" ><\/div>\n\t\t\t\t\t\t\t\t\t\t\t<div class=\"elementor-gallery-item__overlay\"><\/div>\n\t\t\t\t\t\t\t\t\t\t\t\t\t\t<\/a>\n\t\t\t\t\t\t\t<a class=\"e-gallery-item elementor-gallery-item elementor-animated-content\" href=\"https:\/\/the-heidelberg.de\/es\/wp-content\/uploads\/2021\/12\/1.jpeg\" data-elementor-open-lightbox=\"yes\" data-elementor-lightbox-slideshow=\"all-c72fd92\" data-elementor-lightbox-title=\"1\">\n\t\t\t\t\t<div class=\"e-gallery-image elementor-gallery-item__image\" data-thumbnail=\"https:\/\/the-heidelberg.de\/es\/wp-content\/uploads\/2021\/12\/1-768x512.jpeg\" data-width=\"768\" data-height=\"512\" alt=\"\" ><\/div>\n\t\t\t\t\t\t\t\t\t\t\t<div class=\"elementor-gallery-item__overlay\"><\/div>\n\t\t\t\t\t\t\t\t\t\t\t\t\t\t<\/a>\n\t\t\t\t\t\t\t<a class=\"e-gallery-item elementor-gallery-item elementor-animated-content\" href=\"https:\/\/the-heidelberg.de\/es\/wp-content\/uploads\/2021\/12\/16.jpeg\" data-elementor-open-lightbox=\"yes\" data-elementor-lightbox-slideshow=\"all-c72fd92\" data-elementor-lightbox-title=\"16\">\n\t\t\t\t\t<div class=\"e-gallery-image elementor-gallery-item__image\" data-thumbnail=\"https:\/\/the-heidelberg.de\/es\/wp-content\/uploads\/2021\/12\/16-768x419.jpeg\" data-width=\"768\" data-height=\"419\" alt=\"\" ><\/div>\n\t\t\t\t\t\t\t\t\t\t\t<div class=\"elementor-gallery-item__overlay\"><\/div>\n\t\t\t\t\t\t\t\t\t\t\t\t\t\t<\/a>\n\t\t\t\t\t\t\t<a class=\"e-gallery-item elementor-gallery-item elementor-animated-content\" href=\"https:\/\/the-heidelberg.de\/es\/wp-content\/uploads\/2021\/12\/1.jpg\" data-elementor-open-lightbox=\"yes\" data-elementor-lightbox-slideshow=\"all-c72fd92\" data-elementor-lightbox-title=\"1\">\n\t\t\t\t\t<div class=\"e-gallery-image elementor-gallery-item__image\" data-thumbnail=\"https:\/\/the-heidelberg.de\/es\/wp-content\/uploads\/2021\/12\/1.jpg\" data-width=\"350\" data-height=\"450\" alt=\"\" ><\/div>\n\t\t\t\t\t\t\t\t\t\t\t<div class=\"elementor-gallery-item__overlay\"><\/div>\n\t\t\t\t\t\t\t\t\t\t\t\t\t\t<\/a>\n\t\t\t\t\t\t\t<a class=\"e-gallery-item elementor-gallery-item elementor-animated-content\" href=\"https:\/\/the-heidelberg.de\/es\/wp-content\/uploads\/2021\/12\/LobbyFru\u0308hstu\u0308ck-2.jpg\" data-elementor-open-lightbox=\"yes\" data-elementor-lightbox-slideshow=\"all-c72fd92\" data-elementor-lightbox-title=\"LobbyFru\u0308hstu\u0308ck-2\">\n\t\t\t\t\t<div class=\"e-gallery-image elementor-gallery-item__image\" data-thumbnail=\"https:\/\/the-heidelberg.de\/es\/wp-content\/uploads\/2021\/12\/LobbyFru\u0308hstu\u0308ck-2-768x369.jpg\" data-width=\"768\" data-height=\"369\" alt=\"\" ><\/div>\n\t\t\t\t\t\t\t\t\t\t\t<div class=\"elementor-gallery-item__overlay\"><\/div>\n\t\t\t\t\t\t\t\t\t\t\t\t\t\t<\/a>\n\t\t\t\t\t\t\t<a class=\"e-gallery-item elementor-gallery-item elementor-animated-content\" href=\"https:\/\/the-heidelberg.de\/es\/wp-content\/uploads\/2021\/12\/Tagungsraum-3.jpg\" data-elementor-open-lightbox=\"yes\" data-elementor-lightbox-slideshow=\"all-c72fd92\" data-elementor-lightbox-title=\"Tagungsraum-3\">\n\t\t\t\t\t<div class=\"e-gallery-image elementor-gallery-item__image\" data-thumbnail=\"https:\/\/the-heidelberg.de\/es\/wp-content\/uploads\/2021\/12\/Tagungsraum-3-768x512.jpg\" data-width=\"768\" data-height=\"512\" alt=\"\" ><\/div>\n\t\t\t\t\t\t\t\t\t\t\t<div class=\"elementor-gallery-item__overlay\"><\/div>\n\t\t\t\t\t\t\t\t\t\t\t\t\t\t<\/a>\n\t\t\t\t\t\t\t<a class=\"e-gallery-item elementor-gallery-item elementor-animated-content\" href=\"https:\/\/the-heidelberg.de\/es\/wp-content\/uploads\/2021\/12\/Treppenhaus.jpg\" data-elementor-open-lightbox=\"yes\" data-elementor-lightbox-slideshow=\"all-c72fd92\" data-elementor-lightbox-title=\"Treppenhaus\">\n\t\t\t\t\t<div class=\"e-gallery-image elementor-gallery-item__image\" data-thumbnail=\"https:\/\/the-heidelberg.de\/es\/wp-content\/uploads\/2021\/12\/Treppenhaus-768x494.jpg\" data-width=\"768\" data-height=\"494\" alt=\"\" ><\/div>\n\t\t\t\t\t\t\t\t\t\t\t<div class=\"elementor-gallery-item__overlay\"><\/div>\n\t\t\t\t\t\t\t\t\t\t\t\t\t\t<\/a>\n\t\t\t\t\t<\/div>\n\t\t\t<\/div>\n\t\t\t\t<\/div>\n\t\t\t\t\t<\/div>\n\t\t<\/div>\n\t\t\t\t\t\t\t<\/div>\n\t\t<\/section>\n\t\t\t\t\t\t<\/div>\n\t\t\t\t\t<\/div>\n\t\t","protected":false},"excerpt":{"rendered":"<p>4,4 Sehr gut &#8211; 350 Reviews at Google Write Email 06221 9150 Bienvenidos al The Heidelberg Excellenz Hotel! Situado en el centro, nuestro hotel urbano, encantador e individualmente amueblado \u00abThe Heidelberg\u00bb le da la bienvenida.\u00a0 Si se trata de un viaje urbano o de un viaje de negocios, le ofrecemos un nuevo concepto de estilo [&hellip;]<\/p>\n","protected":false},"author":1,"featured_media":0,"parent":0,"menu_order":0,"comment_status":"closed","ping_status":"closed","template":"","meta":{"footnotes":""},"class_list":["post-7","page","type-page","status-publish","hentry"],"yoast_head":"<!-- This site is optimized with the Yoast SEO plugin v18.2 - https:\/\/yoast.com\/wordpress\/plugins\/seo\/ -->\n<title>The Exzellenz Hotel Heidelberg<\/title>\n<meta name=\"description\" content=\"Ob St\u00e4dtetrip oder Gesch\u00e4ftsreise, wir bieten Ihnen ein neues Lifestyle-Konzept und ein au\u00dfergew\u00f6hnliches Design in bester Lage, zu einem einmaligen Preis-Leistungs-Verh\u00e4ltnis.\" \/>\n<meta name=\"robots\" content=\"index, follow, max-snippet:-1, max-image-preview:large, max-video-preview:-1\" \/>\n<link rel=\"canonical\" href=\"https:\/\/the-heidelberg.de\/es\/\" \/>\n<meta property=\"og:locale\" content=\"de_DE\" \/>\n<meta property=\"og:type\" content=\"article\" \/>\n<meta property=\"og:title\" content=\"The Exzellenz Hotel Heidelberg\" \/>\n<meta property=\"og:description\" content=\"Ob St\u00e4dtetrip oder Gesch\u00e4ftsreise, wir bieten Ihnen ein neues Lifestyle-Konzept und ein au\u00dfergew\u00f6hnliches Design in bester Lage, zu einem einmaligen Preis-Leistungs-Verh\u00e4ltnis.\" \/>\n<meta property=\"og:url\" content=\"https:\/\/the-heidelberg.de\/es\/\" \/>\n<meta property=\"og:site_name\" content=\"The Heidelberg Exzellenz Hotel\" \/>\n<meta property=\"article:modified_time\" content=\"2022-09-20T16:26:31+00:00\" \/>\n<meta property=\"og:image\" content=\"https:\/\/the-heidelberg.de\/es\/wp-content\/uploads\/2022\/01\/OG.png\" \/>\n\t<meta property=\"og:image:width\" content=\"1200\" \/>\n\t<meta property=\"og:image:height\" content=\"630\" \/>\n\t<meta property=\"og:image:type\" content=\"image\/png\" \/>\n<meta name=\"twitter:card\" content=\"summary_large_image\" \/>\n<meta name=\"twitter:image\" content=\"https:\/\/the-heidelberg.de\/es\/wp-content\/uploads\/2022\/01\/OG.png\" \/>\n<meta name=\"twitter:label1\" content=\"Gesch\u00e4tzte Lesezeit\" \/>\n\t<meta name=\"twitter:data1\" content=\"1\u00a0Minute\" \/>\n<script type=\"application\/ld+json\" class=\"yoast-schema-graph\">{\"@context\":\"https:\/\/schema.org\",\"@graph\":[{\"@type\":\"WebSite\",\"@id\":\"https:\/\/the-heidelberg.de\/es\/#website\",\"url\":\"https:\/\/the-heidelberg.de\/es\/\",\"name\":\"The Heidelberg Exzellenz Hotel\",\"description\":\"\",\"potentialAction\":[{\"@type\":\"SearchAction\",\"target\":{\"@type\":\"EntryPoint\",\"urlTemplate\":\"https:\/\/the-heidelberg.de\/es\/?s={search_term_string}\"},\"query-input\":\"required name=search_term_string\"}],\"inLanguage\":\"de\"},{\"@type\":\"ImageObject\",\"@id\":\"https:\/\/the-heidelberg.de\/es\/#primaryimage\",\"inLanguage\":\"de\",\"url\":\"https:\/\/the-heidelberg.de\/es\/wp-content\/uploads\/2022\/01\/OG.png\",\"contentUrl\":\"https:\/\/the-heidelberg.de\/es\/wp-content\/uploads\/2022\/01\/OG.png\",\"width\":1200,\"height\":630},{\"@type\":\"WebPage\",\"@id\":\"https:\/\/the-heidelberg.de\/es\/#webpage\",\"url\":\"https:\/\/the-heidelberg.de\/es\/\",\"name\":\"The Exzellenz Hotel Heidelberg\",\"isPartOf\":{\"@id\":\"https:\/\/the-heidelberg.de\/es\/#website\"},\"datePublished\":\"2021-12-15T07:31:03+00:00\",\"dateModified\":\"2022-09-20T16:26:31+00:00\",\"description\":\"Ob St\u00e4dtetrip oder Gesch\u00e4ftsreise, wir bieten Ihnen ein neues Lifestyle-Konzept und ein au\u00dfergew\u00f6hnliches Design in bester Lage, zu einem einmaligen Preis-Leistungs-Verh\u00e4ltnis.\",\"breadcrumb\":{\"@id\":\"https:\/\/the-heidelberg.de\/es\/#breadcrumb\"},\"inLanguage\":\"de\",\"potentialAction\":[{\"@type\":\"ReadAction\",\"target\":[\"https:\/\/the-heidelberg.de\/es\/\"]}]},{\"@type\":\"BreadcrumbList\",\"@id\":\"https:\/\/the-heidelberg.de\/es\/#breadcrumb\",\"itemListElement\":[{\"@type\":\"ListItem\",\"position\":1,\"name\":\"Startseite\",\"item\":\"https:\/\/the-heidelberg.de\/es\/\"},{\"@type\":\"ListItem\",\"position\":2,\"name\":\"Startseite\"}]}]}<\/script>\n<!-- \/ Yoast SEO plugin. -->","yoast_head_json":{"title":"The Exzellenz Hotel Heidelberg","description":"Ob St\u00e4dtetrip oder Gesch\u00e4ftsreise, wir bieten Ihnen ein neues Lifestyle-Konzept und ein au\u00dfergew\u00f6hnliches Design in bester Lage, zu einem einmaligen Preis-Leistungs-Verh\u00e4ltnis.","robots":{"index":"index","follow":"follow","max-snippet":"max-snippet:-1","max-image-preview":"max-image-preview:large","max-video-preview":"max-video-preview:-1"},"canonical":"https:\/\/the-heidelberg.de\/es\/","og_locale":"de_DE","og_type":"article","og_title":"The Exzellenz Hotel Heidelberg","og_description":"Ob St\u00e4dtetrip oder Gesch\u00e4ftsreise, wir bieten Ihnen ein neues Lifestyle-Konzept und ein au\u00dfergew\u00f6hnliches Design in bester Lage, zu einem einmaligen Preis-Leistungs-Verh\u00e4ltnis.","og_url":"https:\/\/the-heidelberg.de\/es\/","og_site_name":"The Heidelberg Exzellenz Hotel","article_modified_time":"2022-09-20T16:26:31+00:00","og_image":[{"width":1200,"height":630,"url":"https:\/\/the-heidelberg.de\/es\/wp-content\/uploads\/2022\/01\/OG.png","type":"image\/png"}],"twitter_card":"summary_large_image","twitter_image":"https:\/\/the-heidelberg.de\/es\/wp-content\/uploads\/2022\/01\/OG.png","twitter_misc":{"Gesch\u00e4tzte Lesezeit":"1\u00a0Minute"},"schema":{"@context":"https:\/\/schema.org","@graph":[{"@type":"WebSite","@id":"https:\/\/the-heidelberg.de\/es\/#website","url":"https:\/\/the-heidelberg.de\/es\/","name":"The Heidelberg Exzellenz Hotel","description":"","potentialAction":[{"@type":"SearchAction","target":{"@type":"EntryPoint","urlTemplate":"https:\/\/the-heidelberg.de\/es\/?s={search_term_string}"},"query-input":"required name=search_term_string"}],"inLanguage":"de"},{"@type":"ImageObject","@id":"https:\/\/the-heidelberg.de\/es\/#primaryimage","inLanguage":"de","url":"https:\/\/the-heidelberg.de\/es\/wp-content\/uploads\/2022\/01\/OG.png","contentUrl":"https:\/\/the-heidelberg.de\/es\/wp-content\/uploads\/2022\/01\/OG.png","width":1200,"height":630},{"@type":"WebPage","@id":"https:\/\/the-heidelberg.de\/es\/#webpage","url":"https:\/\/the-heidelberg.de\/es\/","name":"The Exzellenz Hotel Heidelberg","isPartOf":{"@id":"https:\/\/the-heidelberg.de\/es\/#website"},"datePublished":"2021-12-15T07:31:03+00:00","dateModified":"2022-09-20T16:26:31+00:00","description":"Ob St\u00e4dtetrip oder Gesch\u00e4ftsreise, wir bieten Ihnen ein neues Lifestyle-Konzept und ein au\u00dfergew\u00f6hnliches Design in bester Lage, zu einem einmaligen Preis-Leistungs-Verh\u00e4ltnis.","breadcrumb":{"@id":"https:\/\/the-heidelberg.de\/es\/#breadcrumb"},"inLanguage":"de","potentialAction":[{"@type":"ReadAction","target":["https:\/\/the-heidelberg.de\/es\/"]}]},{"@type":"BreadcrumbList","@id":"https:\/\/the-heidelberg.de\/es\/#breadcrumb","itemListElement":[{"@type":"ListItem","position":1,"name":"Startseite","item":"https:\/\/the-heidelberg.de\/es\/"},{"@type":"ListItem","position":2,"name":"Startseite"}]}]}},"_links":{"self":[{"href":"https:\/\/the-heidelberg.de\/es\/wp-json\/wp\/v2\/pages\/7","targetHints":{"allow":["GET"]}}],"collection":[{"href":"https:\/\/the-heidelberg.de\/es\/wp-json\/wp\/v2\/pages"}],"about":[{"href":"https:\/\/the-heidelberg.de\/es\/wp-json\/wp\/v2\/types\/page"}],"author":[{"embeddable":true,"href":"https:\/\/the-heidelberg.de\/es\/wp-json\/wp\/v2\/users\/1"}],"replies":[{"embeddable":true,"href":"https:\/\/the-heidelberg.de\/es\/wp-json\/wp\/v2\/comments?post=7"}],"version-history":[{"count":156,"href":"https:\/\/the-heidelberg.de\/es\/wp-json\/wp\/v2\/pages\/7\/revisions"}],"predecessor-version":[{"id":761,"href":"https:\/\/the-heidelberg.de\/es\/wp-json\/wp\/v2\/pages\/7\/revisions\/761"}],"wp:attachment":[{"href":"https:\/\/the-heidelberg.de\/es\/wp-json\/wp\/v2\/media?parent=7"}],"curies":[{"name":"wp","href":"https:\/\/api.w.org\/{rel}","templated":true}]}}